{"id":3312,"date":"2025-05-13T14:10:50","date_gmt":"2025-05-13T11:10:50","guid":{"rendered":"https:\/\/flowstudio.lt\/?page_id=3312"},"modified":"2025-05-29T14:15:29","modified_gmt":"2025-05-29T11:15:29","slug":"summer-flow-dienine-vasaros-gatves-sokiu-stovykla-vaikams","status":"publish","type":"page","link":"https:\/\/flowstudio.lt\/en\/summer-flow-dienine-vasaros-gatves-sokiu-stovykla-vaikams\/","title":{"rendered":"SUMMER FLOW &#8211; Dienin\u0117 Gatv\u0117s \u0161oki\u0173 stovykla vaikams"},"content":{"rendered":"<div data-elementor-type=\"wp-page\" data-elementor-id=\"3312\" class=\"elementor elementor-3312\">\n\t\t\t\t\t\t<section class=\"elementor-section elementor-top-section elementor-element elementor-element-d32fa52 elementor-section-boxed elementor-section-height-default elementor-section-height-default\" data-id=\"d32fa52\" data-element_type=\"section\" data-e-type=\"section\">\n\t\t\t\t\t\t<div class=\"elementor-container elementor-column-gap-default\">\n\t\t\t\t\t<div class=\"elementor-column elementor-col-100 elementor-top-column elementor-element elementor-element-5096f1a\" data-id=\"5096f1a\" data-element_type=\"column\" data-e-type=\"column\">\n\t\t\t<div class=\"elementor-widget-wrap elementor-element-populated\">\n\t\t\t\t\t\t<div class=\"elementor-element elementor-element-ff67f4f elementor-widget elementor-widget-html\" data-id=\"ff67f4f\" data-element_type=\"widget\" data-e-type=\"widget\" data-widget_type=\"html.default\">\n\t\t\t\t<div class=\"elementor-widget-container\">\n\t\t\t\t\t<div class=\"summer-activities\">\n<h1 class=\"main\"><span class=\"dot\"><\/span>SUMMER FLOW - dienin\u0117 vasaros gatv\u0117s \u0161oki\u0173 stovykla vaikams naujamiestyje<\/h1>\n\n <button class=\"primary\" onclick=\"location.href = 'https:\/\/forms.gle\/oCCRnn5C48fPEkNu9';\">Register now<\/button>\n <\/div>\n\n<style>\n    h1.main {\n        font-size: 32px;\n    }\n    button.primary {\n        margin-bottom: 64px;\n    }\n    \n    \/*.summer-activities span.dot {*\/\n    \/*background: #BDB8DC;*\/\n    \/*}*\/\n\n    \/*.summer-activities button {*\/\n    \/*    background: #BDB8DC;*\/\n    \/*}*\/\n<\/style>\n\t\t\t\t<\/div>\n\t\t\t\t<\/div>\n\t\t\t\t<div class=\"elementor-element elementor-element-f5c2f37 elementor-widget elementor-widget-text-editor\" data-id=\"f5c2f37\" data-element_type=\"widget\" data-e-type=\"widget\" data-widget_type=\"text-editor.default\">\n\t\t\t\t<div class=\"elementor-widget-container\">\n\t\t\t\t\t\t\t\t\t<p>Dienin\u0117 Gatv\u0117s \u0161oki\u0173 stovykla vaikams &#8222;SUMMER FLOW&#8221; &#8211; Vilniuje, Naujamiestyje<\/p>\n<p><\/p>\n<p>Kvie\u010diame vaikus \u012f smagiausi\u0105 vasaros nuotyk\u012f mieste! \ud83e\udd38\u200d\u2642\ufe0f\ud83d\udc5f\ud83c\udfb6<\/p>\n<p><\/p>\n<p>\ud83d\udce2 REGISTRACIJA: <a href=\"https:\/\/forms.gle\/oCCRnn5C48fPEkNu9\">https:\/\/forms.gle\/oCCRnn5C48fPEkNu9<\/a><\/p><p><br><\/p>\n<p><\/p>\n<p>\u010cia vaik\u0173 lauks:<\/p>\n<p>&#8211; GATV\u0116S \u0160OKI\u0172 TRENIRUOT\u0116S (2 treniruot\u0117s per dien\u0105) \ud83d\udc5f<\/p>\n<p>&#8211; GRAFFITI PIE\u0160IMO PAMOKA \ud83d\udd8d<\/p>\n<p>&#8211; DJ GROJIMO PAMOKA \ud83c\udfa7<\/p>\n<p>&#8211; AFRIKOS B\u016aGN\u0172 PAMOKA\ud83e\ude98<\/p>\n<p>&#8211; I\u0160VYKA \u012e SM\u0116LIO AREN\u0104 \ud83c\udfd0<\/p>\n<p>&#8211; I\u0160VYKA \u012e KINO TEATR\u0104 \ud83c\udfad<\/p>\n<p>&#8211; KOMANDINIAI \u017dAIDIMAI \ud83c\udfb2<\/p>\n<p>&#8211; PROTM\u016a\u0160IS \ud83e\udd2f<\/p>\n<p>&#8211; PASIRODYMAS T\u0116VELIAMS \ud83c\udfab<\/p>\n<p>&#8211; SUBALANSUOTAS MAITINIMAS 2 KARTUS PER DIEN\u0104 + U\u017dKANDIS\ud83c\udf4c\ud83c\udf4e\ud83e\udd57\ud83e\uded8\ud83e\udd69<\/p>\n<p>&#8211; PENKTADIENIS &#8211; PICADIENIS\ud83c\udf55<\/p><p><br><\/p>\n<p>\ud83d\uddd3KADA?<\/p>\n<p>PIRMA PAMAINA \u2013 liepos 7-11d.<\/p>\n<p>ANTRA PAMAINA \u2013 rugpj\u016b\u010dio 4-8d.<\/p>\n<p>*kasdien, nuo 9:00 iki 17:30<\/p><p><br><\/p>\n<p><\/p>\n<p>\ud83d\udccdKUR?<\/p>\n<p>\u0160oki\u0173 studijoje &#8222;FLOW&#8221;<\/p>\n<p>\u0160vitrigailos g. 27, 4 auk\u0161tas, Vilnius<\/p><p><br><\/p>\n<p><\/p>\n<p>VAIK\u0172 AM\u017dIUS:<\/p>\n<p>atskiri 7-10 met\u0173 ir 11-14 met\u0173 am\u017eiaus vaik\u0173 b\u016briai<\/p><p><br><\/p>\n<p><\/p>\n<p>KAINA: 170 Eur<\/p>\n<p>PATIK\u0116KITE MUMS SAVO VAIK\u0172 LAISVALAIK\u012e IR MES PA\u017dADAME, KAD VIS\u0104 SAVAIT\u0118, NUO 9:00 IKI 17:30 JIE BUS SOT\u016aS, LAIMINGI, I\u0160SIKROV\u0118 FIZI\u0160KAI IR PASIKROV\u0118 EMOCI\u0160KAI.<\/p><p><br><\/p>\n<p><\/p>\n<p>VIET\u0172 SKAI\u010cIUS RIBOTAS!<\/p>\n<p>*po registracijos gausite patvirtinant\u012f el. lai\u0161k\u0105 su visa reikiama informacija d\u0117l sutar\u010di\u0173 bei avansini\u0173 mok\u0117jim\u0173;<\/p>\n<p>**viet\u0105 stovykloje garantuoja 50 Eur negr\u0105\u017einamas avansas.<\/p><p><br><\/p>\n<p><\/p>\n<p>KONTAKTAI:<\/p>\n<p>V\u0160\u012e \u0160OKI\u0172 STUDIJA FLOW<\/p>\n<p>www.flowstudio.lt<\/p>\n<p>info@flowstudio.lt<\/p>\n<p>+37066599184<\/p>\t\t\t\t\t\t\t\t<\/div>\n\t\t\t\t<\/div>\n\t\t\t\t\t<\/div>\n\t\t<\/div>\n\t\t\t\t\t<\/div>\n\t\t<\/section>\n\t\t\t\t<\/div>","protected":false},"excerpt":{"rendered":"<p>SUMMER FLOW &#8211; dienin\u0117 vasaros gatv\u0117s \u0161oki\u0173 stovykla vaikams naujamiestyje Registruotis Dienin\u0117 Gatv\u0117s \u0161oki\u0173 stovykla vaikams &#8222;SUMMER FLOW&#8221; &#8211; Vilniuje, [&hellip;]<\/p>\n","protected":false},"author":1,"featured_media":0,"parent":0,"menu_order":0,"comment_status":"closed","ping_status":"closed","template":"","meta":{"site-sidebar-layout":"no-sidebar","site-content-layout":"","ast-site-content-layout":"full-width-container","site-content-style":"default","site-sidebar-style":"default","ast-global-header-display":"","ast-banner-title-visibility":"","ast-main-header-display":"","ast-hfb-above-header-display":"","ast-hfb-below-header-display":"","ast-hfb-mobile-header-display":"","site-post-title":"disabled","ast-breadcrumbs-content":"","ast-featured-img":"disabled","footer-sml-layout":"","ast-disable-related-posts":"","theme-transparent-header-meta":"","adv-header-id-meta":"","stick-header-meta":"","header-above-stick-meta":"","header-main-stick-meta":"","header-below-stick-meta":"","astra-migrate-meta-layouts":"default","ast-page-background-enabled":"default","ast-page-background-meta":{"desktop":{"background-color":"var(--ast-global-color-4)","background-image":"","background-repeat":"repeat","background-position":"center center","background-size":"auto","background-attachment":"scroll","background-type":"","background-media":"","overlay-type":"","overlay-color":"","overlay-opacity":"","overlay-gradient":""},"tablet":{"background-color":"","background-image":"","background-repeat":"repeat","background-position":"center center","background-size":"auto","background-attachment":"scroll","background-type":"","background-media":"","overlay-type":"","overlay-color":"","overlay-opacity":"","overlay-gradient":""},"mobile":{"background-color":"","background-image":"","background-repeat":"repeat","background-position":"center center","background-size":"auto","background-attachment":"scroll","background-type":"","background-media":"","overlay-type":"","overlay-color":"","overlay-opacity":"","overlay-gradient":""}},"ast-content-background-meta":{"desktop":{"background-color":"var(--ast-global-color-5)","background-image":"","background-repeat":"repeat","background-position":"center center","background-size":"auto","background-attachment":"scroll","background-type":"","background-media":"","overlay-type":"","overlay-color":"","overlay-opacity":"","overlay-gradient":""},"tablet":{"background-color":"var(--ast-global-color-5)","background-image":"","background-repeat":"repeat","background-position":"center center","background-size":"auto","background-attachment":"scroll","background-type":"","background-media":"","overlay-type":"","overlay-color":"","overlay-opacity":"","overlay-gradient":""},"mobile":{"background-color":"var(--ast-global-color-5)","background-image":"","background-repeat":"repeat","background-position":"center center","background-size":"auto","background-attachment":"scroll","background-type":"","background-media":"","overlay-type":"","overlay-color":"","overlay-opacity":"","overlay-gradient":""}},"footnotes":""},"class_list":["post-3312","page","type-page","status-publish","hentry"],"_links":{"self":[{"href":"https:\/\/flowstudio.lt\/en\/wp-json\/wp\/v2\/pages\/3312","targetHints":{"allow":["GET"]}}],"collection":[{"href":"https:\/\/flowstudio.lt\/en\/wp-json\/wp\/v2\/pages"}],"about":[{"href":"https:\/\/flowstudio.lt\/en\/wp-json\/wp\/v2\/types\/page"}],"author":[{"embeddable":true,"href":"https:\/\/flowstudio.lt\/en\/wp-json\/wp\/v2\/users\/1"}],"replies":[{"embeddable":true,"href":"https:\/\/flowstudio.lt\/en\/wp-json\/wp\/v2\/comments?post=3312"}],"version-history":[{"count":19,"href":"https:\/\/flowstudio.lt\/en\/wp-json\/wp\/v2\/pages\/3312\/revisions"}],"predecessor-version":[{"id":3457,"href":"https:\/\/flowstudio.lt\/en\/wp-json\/wp\/v2\/pages\/3312\/revisions\/3457"}],"wp:attachment":[{"href":"https:\/\/flowstudio.lt\/en\/wp-json\/wp\/v2\/media?parent=3312"}],"curies":[{"name":"wp","href":"https:\/\/api.w.org\/{rel}","templated":true}]}}