{"id":3306,"date":"2025-05-13T14:16:59","date_gmt":"2025-05-13T11:16:59","guid":{"rendered":"https:\/\/flowstudio.lt\/?page_id=3306"},"modified":"2025-05-29T14:15:34","modified_gmt":"2025-05-29T11:15:34","slug":"summer-open-classes-sokiai-vasara-atviros-sokiu-pamokos-visiems","status":"publish","type":"page","link":"https:\/\/flowstudio.lt\/en\/summer-open-classes-sokiai-vasara-atviros-sokiu-pamokos-visiems\/","title":{"rendered":"SUMMER OPEN CLASSES &#8211; \u0161okiai vasar\u0105 &#8211; atviros \u0161oki\u0173 pamokos visiems"},"content":{"rendered":"<div data-elementor-type=\"wp-page\" data-elementor-id=\"3306\" class=\"elementor elementor-3306\">\n\t\t\t\t\t\t<section class=\"elementor-section elementor-top-section elementor-element elementor-element-d32fa52 elementor-section-boxed elementor-section-height-default elementor-section-height-default\" data-id=\"d32fa52\" data-element_type=\"section\" data-e-type=\"section\">\n\t\t\t\t\t\t<div class=\"elementor-container elementor-column-gap-default\">\n\t\t\t\t\t<div class=\"elementor-column elementor-col-100 elementor-top-column elementor-element elementor-element-5096f1a\" data-id=\"5096f1a\" data-element_type=\"column\" data-e-type=\"column\">\n\t\t\t<div class=\"elementor-widget-wrap elementor-element-populated\">\n\t\t\t\t\t\t<div class=\"elementor-element elementor-element-ff67f4f elementor-widget elementor-widget-html\" data-id=\"ff67f4f\" data-element_type=\"widget\" data-e-type=\"widget\" data-widget_type=\"html.default\">\n\t\t\t\t<div class=\"elementor-widget-container\">\n\t\t\t\t\t<div class=\"summer-activities\">\n<h1 class=\"main\"><span class=\"dot\"><\/span>SUMMER OPEN CLASSES - \u0161okiai vasar\u0105 - atviros \u0161oki\u0173 pamokos visiems <\/h1>\n\n <button class=\"primary\" onclick=\"location.href = 'https:\/\/forms.gle\/W28jUz7bmLefV3mz5';\">Register now<\/button>\n <\/div>\n\n<style>\n    h1.main {\n        font-size: 32px;\n    }\n    button.primary {\n        margin-bottom: 64px;\n    }\n\/*.summer-activities span.dot {*\/\n\/*    background: #BDB8DC;*\/\n\/*}*\/\n\n\/*.summer-activities button {*\/\n\/*    background: #BDB8DC;*\/\n\/*}*\/\n<\/style>\n\t\t\t\t<\/div>\n\t\t\t\t<\/div>\n\t\t\t\t<div class=\"elementor-element elementor-element-f5c2f37 elementor-widget elementor-widget-text-editor\" data-id=\"f5c2f37\" data-element_type=\"widget\" data-e-type=\"widget\" data-widget_type=\"text-editor.default\">\n\t\t\t\t<div class=\"elementor-widget-container\">\n\t\t\t\t\t\t\t\t\t<p>VIS\u0104 VASAR\u0104 KVIE\u010cIAME VISUS \u0160OKTI BE JOKI\u0172 \u012eSIPAREIGOJIM\u0172 \u2600\ufe0f\u26f1\ufe0f\ud83c\udf34<\/p><p>\u00a0<\/p><p>\ud83d\udce2 REGISTRACIJA \ud83d\udce2<\/p><p><a href=\"https:\/\/forms.gle\/W28jUz7bmLefV3mz5\">https:\/\/forms.gle\/W28jUz7bmLefV3mz5<\/a><\/p><p>\u00a0<\/p><p>KAM SKIRTA:<\/p><p>\ud83d\udc49 naujokams, norintiems prad\u0117ti \u0161okti jau dabar, nelaukiant naujojo rudens sezono<\/p><p>\ud83d\udc49 pramokusiems \u0161ok\u0117jams, norintiems toliau palaikyti form\u0105 arba i\u0161bandyti kito stiliaus treniruotes<\/p><p>\ud83d\udc49 pa\u017eengusiems \u0161ok\u0117jams, norintiems nesustoti tobul\u0117ti visus metus arba norintiems i\u0161bandyti kitus stilius, patalpas bei trenerius<\/p><p>\u00a0<\/p><p>KAS J\u016aS\u0172 LAUKIA:<\/p><p>\ud83d\udc49 skirting\u0173 \u0161oki\u0173 stili\u0173 bei pa\u017eangumo lygi\u0173 treniruot\u0117s, vykstan\u010dios kart\u0105 per savait\u0119<\/p><p>\ud83d\udc49 vienos treniruot\u0117s trukm\u0117 &#8211; 1.5h<\/p><p>\ud83d\udc49 kiekvien\u0105 treniruot\u0119 bus mokoma nauja med\u017eiaga, tod\u0117l prisijungti ar pakeisti stili\u0173 bei grup\u0119 bus galima bet kada<\/p><p>\ud83d\udc49 galimyb\u0117 mok\u0117ti u\u017e kiekvien\u0105 treniruot\u0119 atskirai arba \u012fsigyti pigesn\u012f abonement\u0105<\/p><p>\ud83d\udc49 profesional\u016bs, draugi\u0161ki ir motyvuojantys, vis\u0105 save atiduodantys treneriai<\/p><p>\ud83d\udc49 nuolaidos studentams ir \u0161eimos nariams<\/p><p>\u00a0<\/p><p>\ud83d\uddd2 TVARKARA\u0160TIS \ud83d\uddd2<\/p><p>liepos 1d. &#8211; rugpj\u016b\u010dio 28d.<\/p><p>\u00a0<\/p><p>PIRMADIENIAIS:<\/p><p>17:30 &#8211; 19:00 CHOREO OPEN (trener\u0117 Veronika) &#8211; MAXI sal\u0117<\/p><p>17:30 &#8211; 19:00 BREIKAS OPEN (treneris Igor) &#8211; MIDI sal\u0117<\/p><p>19:00 &#8211; 20:30 HIGH HEELS OPEN (trener\u0117 Liepa) &#8211; MAXI sal\u0117<\/p><p>\u00a0<\/p><p>ANTRADIENIAIS:<\/p><p>17:30 &#8211; 19:00 HIP HOP PRAMOKUSIEMS IR PA\u017dENGUSIEMS (treneris Robert) &#8211; MAXI sal\u0117<\/p><p>18:30 &#8211; 20:00 DANCEHALL PRADEDANTIESIEMS IR PRAMOKUSIEMS (trener\u0117 Inga) &#8211; MIDI sal\u0117<\/p><p>19:00 &#8211; 20:30 SOLO LATINO OPEN (trener\u0117 August\u0117) &#8211; MAXI sal\u0117<\/p><p>\u00a0<\/p><p>TRE\u010cIADIENIAIS:<\/p><p>17:00 &#8211; 18:30 FEMININE CHOREO OPEN (trener\u0117 Veronika) &#8211; MAXI sal\u0117<\/p><p>19:00 &#8211; 20:30 STREET DANCE PRADEDANTIEJI SUAUG\u0118 (treneris Gytis) &#8211; MAXI sal\u0117<\/p><p>\u00a0<\/p><p>KETVIRTADIENIS:<\/p><p>18:30 &#8211; 20:00 FREESTYLE OPEN (treneris Robert) &#8211; MIDI sal\u0117<\/p><p>19:30 &#8211; 21:00 HOUSE PA\u017dENG\u0118 (skirtingi treneriai) &#8211; MAXI sal\u0117<\/p><p>\u00a0<\/p><p>\ud83d\udcb2KAINOS\ud83d\udcb2<\/p><p>Vieno apsilankymo kaina &#8211; 15 Eur<\/p><p>4 Apsilankym\u0173 abonementas &#8211; 55 Eur\/m\u0117n<\/p><p>8 Apsilankym\u0173 abonementas &#8211; 90 Eur\/m\u0117n<\/p><p>Neribot\u0173 apsilankym\u0173 abonementas &#8211; 120 Eur\/m\u0117n<\/p><p>* Vienos treniruot\u0117s trukm\u0117 &#8211; 1.5h<\/p><p>\u00a0<\/p><p>Rezervuokis sau viet\u0105 ir kart\u0105 \u012f savait\u0119 vasaros vakarus praleisk \u0161oki\u0173 aik\u0161tel\u0117je!<\/p>\t\t\t\t\t\t\t\t<\/div>\n\t\t\t\t<\/div>\n\t\t\t\t\t<\/div>\n\t\t<\/div>\n\t\t\t\t\t<\/div>\n\t\t<\/section>\n\t\t\t\t<\/div>","protected":false},"excerpt":{"rendered":"<p>SUMMER OPEN CLASSES &#8211; \u0161okiai vasar\u0105 &#8211; atviros \u0161oki\u0173 pamokos visiems Registruotis VIS\u0104 VASAR\u0104 KVIE\u010cIAME VISUS \u0160OKTI BE JOKI\u0172 \u012eSIPAREIGOJIM\u0172 [&hellip;]<\/p>\n","protected":false},"author":1,"featured_media":0,"parent":0,"menu_order":0,"comment_status":"closed","ping_status":"closed","template":"","meta":{"site-sidebar-layout":"no-sidebar","site-content-layout":"","ast-site-content-layout":"full-width-container","site-content-style":"default","site-sidebar-style":"default","ast-global-header-display":"","ast-banner-title-visibility":"","ast-main-header-display":"","ast-hfb-above-header-display":"","ast-hfb-below-header-display":"","ast-hfb-mobile-header-display":"","site-post-title":"disabled","ast-breadcrumbs-content":"","ast-featured-img":"disabled","footer-sml-layout":"","ast-disable-related-posts":"","theme-transparent-header-meta":"","adv-header-id-meta":"","stick-header-meta":"","header-above-stick-meta":"","header-main-stick-meta":"","header-below-stick-meta":"","astra-migrate-meta-layouts":"default","ast-page-background-enabled":"default","ast-page-background-meta":{"desktop":{"background-color":"var(--ast-global-color-4)","background-image":"","background-repeat":"repeat","background-position":"center center","background-size":"auto","background-attachment":"scroll","background-type":"","background-media":"","overlay-type":"","overlay-color":"","overlay-opacity":"","overlay-gradient":""},"tablet":{"background-color":"","background-image":"","background-repeat":"repeat","background-position":"center center","background-size":"auto","background-attachment":"scroll","background-type":"","background-media":"","overlay-type":"","overlay-color":"","overlay-opacity":"","overlay-gradient":""},"mobile":{"background-color":"","background-image":"","background-repeat":"repeat","background-position":"center center","background-size":"auto","background-attachment":"scroll","background-type":"","background-media":"","overlay-type":"","overlay-color":"","overlay-opacity":"","overlay-gradient":""}},"ast-content-background-meta":{"desktop":{"background-color":"var(--ast-global-color-5)","background-image":"","background-repeat":"repeat","background-position":"center center","background-size":"auto","background-attachment":"scroll","background-type":"","background-media":"","overlay-type":"","overlay-color":"","overlay-opacity":"","overlay-gradient":""},"tablet":{"background-color":"var(--ast-global-color-5)","background-image":"","background-repeat":"repeat","background-position":"center center","background-size":"auto","background-attachment":"scroll","background-type":"","background-media":"","overlay-type":"","overlay-color":"","overlay-opacity":"","overlay-gradient":""},"mobile":{"background-color":"var(--ast-global-color-5)","background-image":"","background-repeat":"repeat","background-position":"center center","background-size":"auto","background-attachment":"scroll","background-type":"","background-media":"","overlay-type":"","overlay-color":"","overlay-opacity":"","overlay-gradient":""}},"footnotes":""},"class_list":["post-3306","page","type-page","status-publish","hentry"],"_links":{"self":[{"href":"https:\/\/flowstudio.lt\/en\/wp-json\/wp\/v2\/pages\/3306","targetHints":{"allow":["GET"]}}],"collection":[{"href":"https:\/\/flowstudio.lt\/en\/wp-json\/wp\/v2\/pages"}],"about":[{"href":"https:\/\/flowstudio.lt\/en\/wp-json\/wp\/v2\/types\/page"}],"author":[{"embeddable":true,"href":"https:\/\/flowstudio.lt\/en\/wp-json\/wp\/v2\/users\/1"}],"replies":[{"embeddable":true,"href":"https:\/\/flowstudio.lt\/en\/wp-json\/wp\/v2\/comments?post=3306"}],"version-history":[{"count":17,"href":"https:\/\/flowstudio.lt\/en\/wp-json\/wp\/v2\/pages\/3306\/revisions"}],"predecessor-version":[{"id":3458,"href":"https:\/\/flowstudio.lt\/en\/wp-json\/wp\/v2\/pages\/3306\/revisions\/3458"}],"wp:attachment":[{"href":"https:\/\/flowstudio.lt\/en\/wp-json\/wp\/v2\/media?parent=3306"}],"curies":[{"name":"wp","href":"https:\/\/api.w.org\/{rel}","templated":true}]}}