{"id":3117,"date":"2024-12-18T17:22:48","date_gmt":"2024-12-18T14:22:48","guid":{"rendered":"https:\/\/flowstudio.lt\/?page_id=3117"},"modified":"2024-12-19T14:09:24","modified_gmt":"2024-12-19T11:09:24","slug":"dancehall-sokiu-treniruotes-vilniuje","status":"publish","type":"page","link":"https:\/\/flowstudio.lt\/en\/dancehall-sokiu-treniruotes-vilniuje\/","title":{"rendered":"DANCEHALL \u0160OKI\u0172 TRENIRUOT\u0116S VILNIUJE"},"content":{"rendered":"<div data-elementor-type=\"wp-page\" data-elementor-id=\"3117\" class=\"elementor elementor-3117\">\n\t\t\t\t\t\t<section class=\"elementor-section elementor-top-section elementor-element elementor-element-d32fa52 elementor-section-boxed elementor-section-height-default elementor-section-height-default\" data-id=\"d32fa52\" data-element_type=\"section\" data-e-type=\"section\">\n\t\t\t\t\t\t<div class=\"elementor-container elementor-column-gap-default\">\n\t\t\t\t\t<div class=\"elementor-column elementor-col-100 elementor-top-column elementor-element elementor-element-5096f1a\" data-id=\"5096f1a\" data-element_type=\"column\" data-e-type=\"column\">\n\t\t\t<div class=\"elementor-widget-wrap elementor-element-populated\">\n\t\t\t\t\t\t<div class=\"elementor-element elementor-element-ff67f4f elementor-widget elementor-widget-html\" data-id=\"ff67f4f\" data-element_type=\"widget\" data-e-type=\"widget\" data-widget_type=\"html.default\">\n\t\t\t\t<div class=\"elementor-widget-container\">\n\t\t\t\t\t<h1 class=\"main\"><span class=\"dot\"><\/span>DANCEHALL \u0160OKI\u0172 TRENIRUOT\u0116S VILNIUJE, NAUJAMIESTYJE \u2013 JAUNIMUI IR SUAUGUSIEMS<\/h1>\n\n\n\n\n<p>DANCEHALL \u2013 tai egzoti\u0161kas, ekspresyvus ir \u012fsp\u016bdingas \u0161oki\u0173 stilius, atkeliav\u0119s i\u0161 Jamaikos! Skiriamasis \u0161io \u0161okio bruo\u017eas \u2013 techni\u0161ki judesiai klubais ir s\u0117dmenimis.<br>Svarbiausia \u0161iame stiliuje \u2013 \u0161oki\u0173 \u017eingsneliai. Jie gali b\u016bti skirti tik merginoms \u2013 pritaikyti prie moteri\u0161k\u0173 linij\u0173, padedantys atskleisti moteri\u0161kum\u0105 bei parodyti pasitik\u0117jim\u0105 savimi. Ta\u010diau tikrai neb\u016btinai! Dancehall \u0161oka visi \u2013 ir merginos, ir vaikinai, dancehall vakar\u0117liuose tryk\u0161tantys tiesiog nei\u0161matuojama energija.<\/p>\n <button class=\"primary\" onclick=\"location.href = '\/registracija\/#dancehall';\">Register now<\/button>\n\n<p>\u0160oki\u0173 studijoje \u201eFlow\u201c kvie\u010diame prisijungti prie \u0161i\u0173 grupi\u0173;<\/p>\n\n<p>-DANCEHALL PRADEDANTIEJI 16+<\/p>\n<p>-DANCEHALL PA\u017dENG\u0118 16+<\/p>\n\n\n<style>\n    h1.main {\n        font-size: 32px;\n    }\n    button.primary {\n        margin-bottom: 64px;\n    }\n<\/style>\n\t\t\t\t<\/div>\n\t\t\t\t<\/div>\n\t\t\t\t\t<\/div>\n\t\t<\/div>\n\t\t\t\t\t<\/div>\n\t\t<\/section>\n\t\t\t\t<section class=\"elementor-section elementor-top-section elementor-element elementor-element-2da541a elementor-section-boxed elementor-section-height-default elementor-section-height-default\" data-id=\"2da541a\" data-element_type=\"section\" data-e-type=\"section\">\n\t\t\t\t\t\t<div class=\"elementor-container elementor-column-gap-default\">\n\t\t\t\t\t<div class=\"elementor-column elementor-col-100 elementor-top-column elementor-element elementor-element-9ecfa4b\" data-id=\"9ecfa4b\" data-element_type=\"column\" data-e-type=\"column\">\n\t\t\t<div class=\"elementor-widget-wrap elementor-element-populated\">\n\t\t\t\t\t\t<div class=\"elementor-element elementor-element-fd82229 elementor-widget elementor-widget-html\" data-id=\"fd82229\" data-element_type=\"widget\" data-e-type=\"widget\" data-widget_type=\"html.default\">\n\t\t\t\t<div class=\"elementor-widget-container\">\n\t\t\t\t\t<h2 class=\"main\"><span class=\"dot\"><\/span>Trener\u0117<\/h2>\n\n\n\t\t\t\t<\/div>\n\t\t\t\t<\/div>\n\t\t\t\t\t<\/div>\n\t\t<\/div>\n\t\t\t\t\t<\/div>\n\t\t<\/section>\n\t\t\t\t<section class=\"elementor-section elementor-top-section elementor-element elementor-element-bd525e6 elementor-section-boxed elementor-section-height-default elementor-section-height-default\" data-id=\"bd525e6\" data-element_type=\"section\" data-e-type=\"section\">\n\t\t\t\t\t\t<div class=\"elementor-container elementor-column-gap-default\">\n\t\t\t\t\t<div class=\"elementor-column elementor-col-100 elementor-top-column elementor-element elementor-element-6546595\" data-id=\"6546595\" data-element_type=\"column\" data-e-type=\"column\">\n\t\t\t<div class=\"elementor-widget-wrap elementor-element-populated\">\n\t\t\t\t\t\t<div class=\"elementor-element elementor-element-4a6bb32 elementor-widget elementor-widget-html\" data-id=\"4a6bb32\" data-element_type=\"widget\" data-e-type=\"widget\" data-widget_type=\"html.default\">\n\t\t\t\t<div class=\"elementor-widget-container\">\n\t\t\t\t\t<div class=\"trainer5\">\r\n    <div class=\"trainer-style\">\r\n        <div class=\"image-container\"><\/div>\r\n        <div class=\"trainer-name\">\r\n        <h3>Deimant\u0117<\/h3>\r\n        <h3 class=\"dance-style\">Dancehall<\/h3>\r\n        <\/div>\r\n    <\/div>\r\n    <div class=\"trainer-infobox\" style=\"display: none;\">\r\n        <div class=\"text-box\">\r\n        <p>The pioneer of the dancehall style in Lithuania, a professional dancer and trainer, who has not only delved into the technique of movements, but also into the history of this style and the entire Jamaican culture. Deimante shares her knowledge and skills with great enthusiasm and makes the dance so infectious that it becomes hard to stop. This trainer can boast not only excellent dance achievements, but also trained Dancehall style trainers who continue to increase the popularity of this dance in Lithuania! More information about Deimante can be found on her personal Instagram profile @deimante.em<\/p>\r\n        <\/div>\r\n        <button class=\"primary\" onclick=\"location.href = '\/registracija\/#dancehall';\">Register now<\/button>\r\n    <\/div>\r\n<\/div>\r\n\r\n\r\n\r\n\r\n<style>\r\n\r\n   \r\n   \r\n        \r\n     .trainer1, .trainer2, .trainer3, .trainer4, .trainer5, .trainer6, .trainer7, .trainer8, .trainer9 {\r\n        position: relative;\r\n        cursor: pointer;\r\n    }\r\n    \r\n    \r\n\r\n     .trainer, .trainer1, .trainer2, .trainer3, .trainer4, .trainer5, .trainer6, .trainer7, .trainer8, .trainer9 {\r\n        color: #969696 !important;\r\n        padding: 25px 0px 8px 10px;\r\n        border-top: 1px solid #595959;\r\n        \/*display: flex;*\/\r\n        \/*justify-content: space-between;*\/\r\n        align-items: center;\r\n    }\r\n    \r\n    .trainer-style {\r\n        display: flex;\r\n        justify-content: space-between;\r\n        align-items: flex-end !important;\r\n    }\r\n    \r\n    .trainer-name {\r\n    display: flex;\r\n    justify-content: space-between;\r\n    align-items: center;\r\n    width: 100%;\r\n    }\r\n    \r\n    \r\n    .last-element {\r\n        border-bottom: 1px\r\n    }\r\n    \r\n    \r\n    .image-container {\r\n        width: 230px;\r\n        height: 230px;\r\n        border-radius: 20px;\r\n        background-image: url('\/wp-content\/uploads\/treneris-gytis.jpg'); \/* Put your image URL here *\/\r\n        background-size: cover;\r\n        position: absolute;\r\n        visibility: hidden;\r\n        z-index: 999;\r\n        \/*top: calc(100% + 10px);*\/\r\n        \/*left: 0%;*\/\r\n        \/*transform: translateX(-50%);*\/\r\n        \r\n    }\r\n    \r\n \r\n    \r\n    .trainer1 .image-container {\r\n         background-image: url('\/wp-content\/uploads\/treneris-gytis3.jpg'); \r\n    }\r\n    \r\n     .trainer2 .image-container {\r\n         background-image: url('\/wp-content\/uploads\/trenere-guoda2.jpg'); \r\n    }\r\n    \r\n    .trainer3 .image-container {\r\n         background-image: url('\/wp-content\/uploads\/treneris-robert2.jpg'); \r\n    }\r\n    \r\n    .trainer4 .image-container {\r\n         background-image: url('\/wp-content\/uploads\/treneres-greta-gabriele2.jpg'); \r\n    }\r\n    \r\n    .trainer5 .image-container {\r\n         background-image: url('\/wp-content\/uploads\/trenere-deimante3.jpg'); \r\n    }\r\n    \r\n    .trainer6 .image-container {\r\n         background-image: url('\/wp-content\/uploads\/trenere-veronika2.jpg'); \r\n    }\r\n    \r\n    .trainer7 .image-container {\r\n         background-image: url('\/wp-content\/uploads\/treneris-dainius2.jpg'); \r\n    }\r\n    \r\n    .trainer8 .image-container {\r\n     background-image: url('\/wp-content\/uploads\/trenere-liepa2.jpg'); \r\n    }\r\n    \r\n    .trainer9 .image-container {\r\n     background-image: url('\/wp-content\/uploads\/treneris-igor2.jpg'); \r\n    }\r\n    \r\n    .trainer-infobox {\r\n        display: flex;\r\n        align-items: flex-end;\r\n        justify-content: space-between;\r\n    }\r\n      \r\n      \r\n    .trainer-infobox button {\r\n     margin-bottom: 25px;   \r\n    }\r\n    \r\n    .text-box {\r\n         display: flex;\r\n         padding-right: 180px;\r\n    }\r\n    \r\n      \r\n    .text-box p {\r\n        padding-right: 32px;\r\n    }\r\n    \r\n  \r\n  \r\n  @media only screen and (max-width: 768px) {\r\n      \r\n    .trainer4 h3:not(.dance-style) {\r\n        max-width: 85px;\r\n    } \r\n      \r\n    .trainer-infobox .text-box {\r\n        display: block !important;\r\n        padding-right: 0px;\r\n    }\r\n    \r\n    .text-box p {\r\n        padding-right: 0px;\r\n    }\r\n    \r\n    .image-container {\r\n        position: static;\r\n        visibility: visible;\r\n        width: 90px;\r\n        height: 70px;\r\n        margin-bottom: 10px;\r\n        margin-right: 20px;\r\n        z-index: 1;\r\n    }\r\n    \r\n    .trainer-style {\r\n        align-items: center !important;\r\n    }\r\n    \r\n    .trainer-style h3 {\r\n        margin-bottom: 0px !important;\r\n    }\r\n    \r\n    h3.dance-style {\r\n        width: 40%;\r\n    }\r\n    \r\n    \r\n    \r\n  }\r\n    \r\n    \r\n    \r\n      \r\n<\/style>\r\n\r\n<script>\r\n\r\nconst trainers = document.querySelectorAll('.trainer1, .trainer2, .trainer3, .trainer4, .trainer5, .trainer6, .trainer7, .trainer8, .trainer9');\r\ndocument.addEventListener(\"DOMContentLoaded\", function(event) {\r\n   \r\n    \r\n    trainers.forEach(function(trainer) {\r\n        const imageContainer = trainer.querySelector('.image-container');\r\n        \r\n        if (window.innerWidth > 768) {\r\n            \/\/ Function to handle mouse movement\r\n        function followMouse(event) {\r\n            const rect = trainer.getBoundingClientRect();\r\n            const offsetX = event.clientX - rect.left;\r\n            const offsetY = event.clientY - rect.top;\r\n            \r\n            imageContainer.style.left = offsetX + 'px';\r\n            imageContainer.style.top = offsetY + 'px';\r\n        }\r\n        \r\n        \/\/ Add event listener to hover\r\n        trainer.addEventListener(\"mouseover\", function() {\r\n            imageContainer.style.visibility = 'visible';\r\n            document.addEventListener('mousemove', followMouse);\r\n        });\r\n        \r\n        \/\/ Remove event listener when hover ends\r\n        trainer.addEventListener(\"mouseout\", function() {\r\n            imageContainer.style.visibility = 'hidden';\r\n            document.removeEventListener('mousemove', followMouse);\r\n        }); \r\n        }\r\n        \r\n       \r\n    });\r\n});\r\n\r\n\r\n<\/script>\r\n\r\n<script>\r\ndocument.addEventListener(\"DOMContentLoaded\", function(event) {\r\n\r\n    trainers.forEach(function(trainer) {\r\n        trainer.addEventListener(\"click\", function() {\r\n            const infobox = this.querySelector('.trainer-infobox');\r\n            \r\n            if (window.innerWidth > 768) {\r\n              infobox.style.display = infobox.style.display === 'none' ? 'flex' : 'none';  \r\n            } else if (window.innerWidth < 768) {\r\n                infobox.style.display = infobox.style.display === 'none' ? 'block' : 'none'; \r\n            }\r\n            \r\n            \r\n        });\r\n    });\r\n});\r\n\r\n<\/script>\r\n\t\t\t\t<\/div>\n\t\t\t\t<\/div>\n\t\t\t\t\t<\/div>\n\t\t<\/div>\n\t\t\t\t\t<\/div>\n\t\t<\/section>\n\t\t\t\t<section class=\"elementor-section elementor-top-section elementor-element elementor-element-602cab4 elementor-section-content-bottom elementor-section-boxed elementor-section-height-default elementor-section-height-default\" data-id=\"602cab4\" data-element_type=\"section\" data-e-type=\"section\">\n\t\t\t\t\t\t<div class=\"elementor-container elementor-column-gap-default\">\n\t\t\t\t\t<div class=\"elementor-column elementor-col-50 elementor-top-column elementor-element elementor-element-938f783\" data-id=\"938f783\" data-element_type=\"column\" data-e-type=\"column\">\n\t\t\t<div class=\"elementor-widget-wrap elementor-element-populated\">\n\t\t\t\t\t\t<div class=\"elementor-element elementor-element-7f83d51 elementor-widget elementor-widget-html\" data-id=\"7f83d51\" data-element_type=\"widget\" data-e-type=\"widget\" data-widget_type=\"html.default\">\n\t\t\t\t<div class=\"elementor-widget-container\">\n\t\t\t\t\t<h2 class=\"main\"><span class=\"dot\"><\/span>Videos<\/h2>\n\n\n\t\t\t\t<\/div>\n\t\t\t\t<\/div>\n\t\t\t\t<div class=\"elementor-element elementor-element-12068dd elementor-widget elementor-widget-video\" data-id=\"12068dd\" data-element_type=\"widget\" data-e-type=\"widget\" data-settings=\"{&quot;youtube_url&quot;:&quot;https:\\\/\\\/www.youtube.com\\\/watch?v=77cALalFE9s&quot;,&quot;video_type&quot;:&quot;youtube&quot;,&quot;controls&quot;:&quot;yes&quot;}\" data-widget_type=\"video.default\">\n\t\t\t\t<div class=\"elementor-widget-container\">\n\t\t\t\t\t\t\t<div class=\"elementor-wrapper elementor-open-inline\">\n\t\t\t<div class=\"elementor-video\"><\/div>\t\t<\/div>\n\t\t\t\t\t\t<\/div>\n\t\t\t\t<\/div>\n\t\t\t\t\t<\/div>\n\t\t<\/div>\n\t\t\t\t<div class=\"elementor-column elementor-col-50 elementor-top-column elementor-element elementor-element-3fbc59d\" data-id=\"3fbc59d\" data-element_type=\"column\" data-e-type=\"column\">\n\t\t\t<div class=\"elementor-widget-wrap elementor-element-populated\">\n\t\t\t\t\t\t<div class=\"elementor-element elementor-element-2cfddc2 elementor-widget elementor-widget-video\" data-id=\"2cfddc2\" data-element_type=\"widget\" data-e-type=\"widget\" data-settings=\"{&quot;youtube_url&quot;:&quot;https:\\\/\\\/www.youtube.com\\\/watch?v=cMUErQfkhsQ&amp;feature=youtu.be&quot;,&quot;video_type&quot;:&quot;youtube&quot;,&quot;controls&quot;:&quot;yes&quot;}\" data-widget_type=\"video.default\">\n\t\t\t\t<div class=\"elementor-widget-container\">\n\t\t\t\t\t\t\t<div class=\"elementor-wrapper elementor-open-inline\">\n\t\t\t<div class=\"elementor-video\"><\/div>\t\t<\/div>\n\t\t\t\t\t\t<\/div>\n\t\t\t\t<\/div>\n\t\t\t\t\t<\/div>\n\t\t<\/div>\n\t\t\t\t\t<\/div>\n\t\t<\/section>\n\t\t\t\t<\/div>","protected":false},"excerpt":{"rendered":"<p>DANCEHALL \u0160OKI\u0172 TRENIRUOT\u0116S VILNIUJE, NAUJAMIESTYJE \u2013 JAUNIMUI IR SUAUGUSIEMS DANCEHALL \u2013 tai egzoti\u0161kas, ekspresyvus ir \u012fsp\u016bdingas \u0161oki\u0173 stilius, atkeliav\u0119s i\u0161 [&hellip;]<\/p>\n","protected":false},"author":1,"featured_media":0,"parent":0,"menu_order":0,"comment_status":"closed","ping_status":"closed","template":"","meta":{"site-sidebar-layout":"no-sidebar","site-content-layout":"","ast-site-content-layout":"full-width-container","site-content-style":"default","site-sidebar-style":"default","ast-global-header-display":"","ast-banner-title-visibility":"","ast-main-header-display":"","ast-hfb-above-header-display":"","ast-hfb-below-header-display":"","ast-hfb-mobile-header-display":"","site-post-title":"disabled","ast-breadcrumbs-content":"","ast-featured-img":"disabled","footer-sml-layout":"","ast-disable-related-posts":"","theme-transparent-header-meta":"","adv-header-id-meta":"","stick-header-meta":"","header-above-stick-meta":"","header-main-stick-meta":"","header-below-stick-meta":"","astra-migrate-meta-layouts":"default","ast-page-background-enabled":"default","ast-page-background-meta":{"desktop":{"background-color":"var(--ast-global-color-4)","background-image":"","background-repeat":"repeat","background-position":"center center","background-size":"auto","background-attachment":"scroll","background-type":"","background-media":"","overlay-type":"","overlay-color":"","overlay-opacity":"","overlay-gradient":""},"tablet":{"background-color":"","background-image":"","background-repeat":"repeat","background-position":"center center","background-size":"auto","background-attachment":"scroll","background-type":"","background-media":"","overlay-type":"","overlay-color":"","overlay-opacity":"","overlay-gradient":""},"mobile":{"background-color":"","background-image":"","background-repeat":"repeat","background-position":"center center","background-size":"auto","background-attachment":"scroll","background-type":"","background-media":"","overlay-type":"","overlay-color":"","overlay-opacity":"","overlay-gradient":""}},"ast-content-background-meta":{"desktop":{"background-color":"var(--ast-global-color-5)","background-image":"","background-repeat":"repeat","background-position":"center center","background-size":"auto","background-attachment":"scroll","background-type":"","background-media":"","overlay-type":"","overlay-color":"","overlay-opacity":"","overlay-gradient":""},"tablet":{"background-color":"var(--ast-global-color-5)","background-image":"","background-repeat":"repeat","background-position":"center center","background-size":"auto","background-attachment":"scroll","background-type":"","background-media":"","overlay-type":"","overlay-color":"","overlay-opacity":"","overlay-gradient":""},"mobile":{"background-color":"var(--ast-global-color-5)","background-image":"","background-repeat":"repeat","background-position":"center center","background-size":"auto","background-attachment":"scroll","background-type":"","background-media":"","overlay-type":"","overlay-color":"","overlay-opacity":"","overlay-gradient":""}},"footnotes":""},"class_list":["post-3117","page","type-page","status-publish","hentry"],"_links":{"self":[{"href":"https:\/\/flowstudio.lt\/en\/wp-json\/wp\/v2\/pages\/3117","targetHints":{"allow":["GET"]}}],"collection":[{"href":"https:\/\/flowstudio.lt\/en\/wp-json\/wp\/v2\/pages"}],"about":[{"href":"https:\/\/flowstudio.lt\/en\/wp-json\/wp\/v2\/types\/page"}],"author":[{"embeddable":true,"href":"https:\/\/flowstudio.lt\/en\/wp-json\/wp\/v2\/users\/1"}],"replies":[{"embeddable":true,"href":"https:\/\/flowstudio.lt\/en\/wp-json\/wp\/v2\/comments?post=3117"}],"version-history":[{"count":16,"href":"https:\/\/flowstudio.lt\/en\/wp-json\/wp\/v2\/pages\/3117\/revisions"}],"predecessor-version":[{"id":3204,"href":"https:\/\/flowstudio.lt\/en\/wp-json\/wp\/v2\/pages\/3117\/revisions\/3204"}],"wp:attachment":[{"href":"https:\/\/flowstudio.lt\/en\/wp-json\/wp\/v2\/media?parent=3117"}],"curies":[{"name":"wp","href":"https:\/\/api.w.org\/{rel}","templated":true}]}}