{"id":3082,"date":"2024-09-06T13:05:40","date_gmt":"2024-09-06T10:05:40","guid":{"rendered":"https:\/\/flowstudio.lt\/?page_id=3082"},"modified":"2024-09-06T14:03:32","modified_gmt":"2024-09-06T11:03:32","slug":"hip-hop-sokiu-treniruotes-vilniuje","status":"publish","type":"page","link":"https:\/\/flowstudio.lt\/en\/hip-hop-sokiu-treniruotes-vilniuje\/","title":{"rendered":"HIP HOP \u0160OKI\u0172 TRENIRUOT\u0116S VILNIUJE"},"content":{"rendered":"<div data-elementor-type=\"wp-page\" data-elementor-id=\"3082\" class=\"elementor elementor-3082\">\n\t\t\t\t\t\t<section class=\"elementor-section elementor-top-section elementor-element elementor-element-d32fa52 elementor-section-boxed elementor-section-height-default elementor-section-height-default\" data-id=\"d32fa52\" data-element_type=\"section\" data-e-type=\"section\">\n\t\t\t\t\t\t<div class=\"elementor-container elementor-column-gap-default\">\n\t\t\t\t\t<div class=\"elementor-column elementor-col-100 elementor-top-column elementor-element elementor-element-5096f1a\" data-id=\"5096f1a\" data-element_type=\"column\" data-e-type=\"column\">\n\t\t\t<div class=\"elementor-widget-wrap elementor-element-populated\">\n\t\t\t\t\t\t<div class=\"elementor-element elementor-element-ff67f4f elementor-widget elementor-widget-html\" data-id=\"ff67f4f\" data-element_type=\"widget\" data-e-type=\"widget\" data-widget_type=\"html.default\">\n\t\t\t\t<div class=\"elementor-widget-container\">\n\t\t\t\t\t<h1 class=\"main\"><span class=\"dot\"><\/span>HIP HOP \u0160OKI\u0172 TRENIRUOT\u0116S VILNIUJE, NAUJAMIESTYJE \u2013 VAIKAMS, PAAUGLIAMS, SUAUGUSIEMS<\/h1>\n\n\n\n\n<p>HIP HOP \u2013 populiariausias gatv\u0117s \u0161oki\u0173 stilius. Jis ekspresyvus, energingas, linksmas, u\u017evedantis ir nepaliekantis abejing\u0173. <\/p>\n <button class=\"primary\" onclick=\"location.href = '\/registracija\/#hiphop';\">Register now<\/button>\n\n<p>\u0160oki\u0173 studijoje \u201eFlow\u201c kvie\u010diame prisijungti prie \u0161i\u0173 grupi\u0173;<\/p>\n\n\n<p><b>PRADEDAN\u010cI\u0172J\u0172 GRUP\u0116S<\/b><\/p>\n<p>-HIP HOP MA\u017dYLIAI (5-7 MET\u0172)<\/p>\n<p>-HIP HOP VAIKAI (7-10 MET\u0172)<\/p>\n<p>-HIP HOP PAAUGLIAI (11-14 MET\u0172)<\/p>\n<p>-HIP HOP JAUNIMAS (15+)<\/p>\n<p>-STREET DANCE SUAUGUSIEMS (18+)<\/p>\n<br>\n<p><b>PA\u017dENGUSI\u0172J\u0172 GRUP\u0116S<\/b><\/p>\n<p>-HIP HOP VAIKAI (7-10 MET\u0172)<\/p>\n<p>-HIP HOP PAAUGLIAI (11-18 MET\u0172)<\/p>\n<p>-HIP HOP PRO KOMANDA \u201eVENOM\u201c (18+)<\/p>\n\n\n<style>\n    h1.main {\n        font-size: 32px;\n    }\n    button.primary {\n        margin-bottom: 64px;\n    }\n<\/style>\n\t\t\t\t<\/div>\n\t\t\t\t<\/div>\n\t\t\t\t\t<\/div>\n\t\t<\/div>\n\t\t\t\t\t<\/div>\n\t\t<\/section>\n\t\t\t\t<section class=\"elementor-section elementor-top-section elementor-element elementor-element-2da541a elementor-section-boxed elementor-section-height-default elementor-section-height-default\" data-id=\"2da541a\" data-element_type=\"section\" data-e-type=\"section\">\n\t\t\t\t\t\t<div class=\"elementor-container elementor-column-gap-default\">\n\t\t\t\t\t<div class=\"elementor-column elementor-col-100 elementor-top-column elementor-element elementor-element-9ecfa4b\" data-id=\"9ecfa4b\" data-element_type=\"column\" data-e-type=\"column\">\n\t\t\t<div class=\"elementor-widget-wrap elementor-element-populated\">\n\t\t\t\t\t\t<div class=\"elementor-element elementor-element-fd82229 elementor-widget elementor-widget-html\" data-id=\"fd82229\" data-element_type=\"widget\" data-e-type=\"widget\" data-widget_type=\"html.default\">\n\t\t\t\t<div class=\"elementor-widget-container\">\n\t\t\t\t\t<h2 class=\"main\"><span class=\"dot\"><\/span>Trainers<\/h2>\n\n\n\t\t\t\t<\/div>\n\t\t\t\t<\/div>\n\t\t\t\t\t<\/div>\n\t\t<\/div>\n\t\t\t\t\t<\/div>\n\t\t<\/section>\n\t\t\t\t<section class=\"elementor-section elementor-top-section elementor-element elementor-element-bd525e6 elementor-section-boxed elementor-section-height-default elementor-section-height-default\" data-id=\"bd525e6\" data-element_type=\"section\" data-e-type=\"section\">\n\t\t\t\t\t\t<div class=\"elementor-container elementor-column-gap-default\">\n\t\t\t\t\t<div class=\"elementor-column elementor-col-100 elementor-top-column elementor-element elementor-element-6546595\" data-id=\"6546595\" data-element_type=\"column\" data-e-type=\"column\">\n\t\t\t<div class=\"elementor-widget-wrap elementor-element-populated\">\n\t\t\t\t\t\t<div class=\"elementor-element elementor-element-4a6bb32 elementor-widget elementor-widget-html\" data-id=\"4a6bb32\" data-element_type=\"widget\" data-e-type=\"widget\" data-widget_type=\"html.default\">\n\t\t\t\t<div class=\"elementor-widget-container\">\n\t\t\t\t\t<div class=\"trainer1\">\r\n \r\n    <div class=\"trainer-style\">\r\n        <div class=\"image-container\"><\/div>\r\n        <div class=\"trainer-name\">\r\n        <h3>Gytis<\/h3>\r\n        <h3 class=\"dance-style\">Hip-Hop<\/h3>\r\n        <\/div>\r\n    <\/div>\r\n    <div class=\"trainer-infobox\" style=\"display: none;\">\r\n        <div class=\"text-box\">\r\n        <p>The founder of the studio and a Hip Hop style trainer who conducts training for children, teenagers and adults. Gytis has decades of dancing and teaching experience, so his training sessions are not only full of positivity and good mood, but also professionally planned and adapted to each age group and level of progress. More information about Gytis can be found on his personal Instagram profile @gytis.js<\/p>\r\n        <\/div>\r\n        <button class=\"primary\" onclick=\"location.href = '\/registracija\/#hiphop';\">Register now<\/button>\r\n    <\/div>\r\n<\/div>\r\n\r\n\r\n<div class=\"trainer3\">\r\n    <div class=\"trainer-style\">\r\n        <div class=\"image-container\"><\/div>\r\n        <div class=\"trainer-name\">\r\n        <h3>Robert<\/h3>\r\n        <h3 class=\"dance-style\">Hip-Hop & House<\/h3>\r\n        <\/div>\r\n    <\/div>\r\n    <div class=\"trainer-infobox\" style=\"display: none;\">\r\n        <div class=\"text-box\">\r\n        <p>Professional Hip Hop and House style dancer and trainer who came to Lithuania from Estonia! Although he has not lived here for a long time, he has already managed to establish himself both on television and in the big arenas of Lithuania, dancing with the most famous performers, such as Justinas Jarutis, Donny Montel and others. Robert shares his knowledge and skills in training in English and Russian. You can find more information about the coach on his personal Instagram profile @robert_b.family<\/p>\r\n        <\/div>\r\n        <button class=\"primary\" onclick=\"location.href = '\/registracija\/#hiphop';\">Register now<\/button>\r\n    <\/div>\r\n<\/div>\r\n\r\n<div class=\"trainer4\">\r\n    <div class=\"trainer-style\">\r\n        <div class=\"image-container\"><\/div>\r\n        <div class=\"trainer-name\">\r\n        <h3>Greta ir Gabriel\u0117 <\/h3>\r\n        <h3 class=\"dance-style\">Hip-Hop Kids<\/h3>\r\n        <\/div>\r\n    <\/div>\r\n    <div class=\"trainer-infobox\" style=\"display: none;\">\r\n        <div class=\"text-box\">\r\n        <p>Twin sisters ready to share their energy with the studio's youngest dancers. Having accumulated a great experience of dances from Lithuanian and foreign dancers and the power of learning in children's dance halls, the sisters plan to apply a method in their training that develops not only dance but also sports movements, as well as discipline and focus. Of course, there will be no shortage of games! More information about the coaches can be found on their personal Instagram profiles @greiata and @gabrielleea<\/p>\r\n        <\/div>\r\n        <button class=\"primary\" onclick=\"location.href = '\/registracija\/#vaikai';\">Register now<\/button>\r\n    <\/div>\r\n<\/div>\r\n\r\n\r\n\r\n\r\n<style>\r\n\r\n   \r\n   \r\n        \r\n     .trainer1, .trainer2, .trainer3, .trainer4, .trainer5, .trainer6, .trainer7, .trainer8, .trainer9 {\r\n        position: relative;\r\n        cursor: pointer;\r\n    }\r\n    \r\n    \r\n\r\n     .trainer, .trainer1, .trainer2, .trainer3, .trainer4, .trainer5, .trainer6, .trainer7, .trainer8, .trainer9 {\r\n        color: #969696 !important;\r\n        padding: 25px 0px 8px 10px;\r\n        border-top: 1px solid #595959;\r\n        \/*display: flex;*\/\r\n        \/*justify-content: space-between;*\/\r\n        align-items: center;\r\n    }\r\n    \r\n    .trainer-style {\r\n        display: flex;\r\n        justify-content: space-between;\r\n        align-items: flex-end !important;\r\n    }\r\n    \r\n    .trainer-name {\r\n    display: flex;\r\n    justify-content: space-between;\r\n    align-items: center;\r\n    width: 100%;\r\n    }\r\n    \r\n    \r\n    .last-element {\r\n        border-bottom: 1px\r\n    }\r\n    \r\n    \r\n    .image-container {\r\n        width: 230px;\r\n        height: 230px;\r\n        border-radius: 20px;\r\n        background-image: url('\/wp-content\/uploads\/treneris-gytis.jpg'); \/* Put your image URL here *\/\r\n        background-size: cover;\r\n        position: absolute;\r\n        visibility: hidden;\r\n        z-index: 999;\r\n        \/*top: calc(100% + 10px);*\/\r\n        \/*left: 0%;*\/\r\n        \/*transform: translateX(-50%);*\/\r\n        \r\n    }\r\n    \r\n \r\n    \r\n    .trainer1 .image-container {\r\n         background-image: url('\/wp-content\/uploads\/treneris-gytis3.jpg'); \r\n    }\r\n    \r\n     .trainer2 .image-container {\r\n         background-image: url('\/wp-content\/uploads\/trenere-guoda2.jpg'); \r\n    }\r\n    \r\n    .trainer3 .image-container {\r\n         background-image: url('\/wp-content\/uploads\/treneris-robert2.jpg'); \r\n    }\r\n    \r\n    .trainer4 .image-container {\r\n         background-image: url('\/wp-content\/uploads\/treneres-greta-gabriele2.jpg'); \r\n    }\r\n    \r\n    .trainer5 .image-container {\r\n         background-image: url('\/wp-content\/uploads\/trenere-deimante3.jpg'); \r\n    }\r\n    \r\n    .trainer6 .image-container {\r\n         background-image: url('\/wp-content\/uploads\/trenere-veronika2.jpg'); \r\n    }\r\n    \r\n    .trainer7 .image-container {\r\n         background-image: url('\/wp-content\/uploads\/treneris-dainius2.jpg'); \r\n    }\r\n    \r\n    .trainer8 .image-container {\r\n     background-image: url('\/wp-content\/uploads\/trenere-liepa2.jpg'); \r\n    }\r\n    \r\n    .trainer9 .image-container {\r\n     background-image: url('\/wp-content\/uploads\/treneris-igor2.jpg'); \r\n    }\r\n    \r\n    .trainer-infobox {\r\n        display: flex;\r\n        align-items: flex-end;\r\n        justify-content: space-between;\r\n    }\r\n      \r\n      \r\n    .trainer-infobox button {\r\n     margin-bottom: 25px;   \r\n    }\r\n    \r\n    .text-box {\r\n         display: flex;\r\n         padding-right: 180px;\r\n    }\r\n    \r\n      \r\n    .text-box p {\r\n        padding-right: 32px;\r\n    }\r\n    \r\n  \r\n  \r\n  @media only screen and (max-width: 768px) {\r\n      \r\n    .trainer4 h3:not(.dance-style) {\r\n        max-width: 85px;\r\n    } \r\n      \r\n    .trainer-infobox .text-box {\r\n        display: block !important;\r\n        padding-right: 0px;\r\n    }\r\n    \r\n    .text-box p {\r\n        padding-right: 0px;\r\n    }\r\n    \r\n    .image-container {\r\n        position: static;\r\n        visibility: visible;\r\n        width: 90px;\r\n        height: 70px;\r\n        margin-bottom: 10px;\r\n        margin-right: 20px;\r\n        z-index: 1;\r\n    }\r\n    \r\n    .trainer-style {\r\n        align-items: center !important;\r\n    }\r\n    \r\n    .trainer-style h3 {\r\n        margin-bottom: 0px !important;\r\n    }\r\n    \r\n    h3.dance-style {\r\n        width: 40%;\r\n    }\r\n    \r\n    \r\n    \r\n  }\r\n    \r\n    \r\n    \r\n      \r\n<\/style>\r\n\r\n<script>\r\n\r\nconst trainers = document.querySelectorAll('.trainer1, .trainer2, .trainer3, .trainer4, .trainer5, .trainer6, .trainer7, .trainer8, .trainer9');\r\ndocument.addEventListener(\"DOMContentLoaded\", function(event) {\r\n   \r\n    \r\n    trainers.forEach(function(trainer) {\r\n        const imageContainer = trainer.querySelector('.image-container');\r\n        \r\n        if (window.innerWidth > 768) {\r\n            \/\/ Function to handle mouse movement\r\n        function followMouse(event) {\r\n            const rect = trainer.getBoundingClientRect();\r\n            const offsetX = event.clientX - rect.left;\r\n            const offsetY = event.clientY - rect.top;\r\n            \r\n            imageContainer.style.left = offsetX + 'px';\r\n            imageContainer.style.top = offsetY + 'px';\r\n        }\r\n        \r\n        \/\/ Add event listener to hover\r\n        trainer.addEventListener(\"mouseover\", function() {\r\n            imageContainer.style.visibility = 'visible';\r\n            document.addEventListener('mousemove', followMouse);\r\n        });\r\n        \r\n        \/\/ Remove event listener when hover ends\r\n        trainer.addEventListener(\"mouseout\", function() {\r\n            imageContainer.style.visibility = 'hidden';\r\n            document.removeEventListener('mousemove', followMouse);\r\n        }); \r\n        }\r\n        \r\n       \r\n    });\r\n});\r\n\r\n\r\n<\/script>\r\n\r\n<script>\r\ndocument.addEventListener(\"DOMContentLoaded\", function(event) {\r\n\r\n    trainers.forEach(function(trainer) {\r\n        trainer.addEventListener(\"click\", function() {\r\n            const infobox = this.querySelector('.trainer-infobox');\r\n            \r\n            if (window.innerWidth > 768) {\r\n              infobox.style.display = infobox.style.display === 'none' ? 'flex' : 'none';  \r\n            } else if (window.innerWidth < 768) {\r\n                infobox.style.display = infobox.style.display === 'none' ? 'block' : 'none'; \r\n            }\r\n            \r\n            \r\n        });\r\n    });\r\n});\r\n\r\n<\/script>\r\n\t\t\t\t<\/div>\n\t\t\t\t<\/div>\n\t\t\t\t\t<\/div>\n\t\t<\/div>\n\t\t\t\t\t<\/div>\n\t\t<\/section>\n\t\t\t\t<section class=\"elementor-section elementor-top-section elementor-element elementor-element-602cab4 elementor-section-content-bottom elementor-section-boxed elementor-section-height-default elementor-section-height-default\" data-id=\"602cab4\" data-element_type=\"section\" data-e-type=\"section\">\n\t\t\t\t\t\t<div class=\"elementor-container elementor-column-gap-default\">\n\t\t\t\t\t<div class=\"elementor-column elementor-col-33 elementor-top-column elementor-element elementor-element-938f783\" data-id=\"938f783\" data-element_type=\"column\" data-e-type=\"column\">\n\t\t\t<div class=\"elementor-widget-wrap elementor-element-populated\">\n\t\t\t\t\t\t<div class=\"elementor-element elementor-element-7f83d51 elementor-widget elementor-widget-html\" data-id=\"7f83d51\" data-element_type=\"widget\" data-e-type=\"widget\" data-widget_type=\"html.default\">\n\t\t\t\t<div class=\"elementor-widget-container\">\n\t\t\t\t\t<h2 class=\"main\"><span class=\"dot\"><\/span>Videos<\/h2>\n\n\n\t\t\t\t<\/div>\n\t\t\t\t<\/div>\n\t\t\t\t<div class=\"elementor-element elementor-element-f50b2f1 elementor-widget elementor-widget-video\" data-id=\"f50b2f1\" data-element_type=\"widget\" data-e-type=\"widget\" data-settings=\"{&quot;youtube_url&quot;:&quot;https:\\\/\\\/www.youtube.com\\\/watch?v=4Mhd2WF25_w&quot;,&quot;video_type&quot;:&quot;youtube&quot;,&quot;controls&quot;:&quot;yes&quot;}\" data-widget_type=\"video.default\">\n\t\t\t\t<div class=\"elementor-widget-container\">\n\t\t\t\t\t\t\t<div class=\"elementor-wrapper elementor-open-inline\">\n\t\t\t<div class=\"elementor-video\"><\/div>\t\t<\/div>\n\t\t\t\t\t\t<\/div>\n\t\t\t\t<\/div>\n\t\t\t\t\t<\/div>\n\t\t<\/div>\n\t\t\t\t<div class=\"elementor-column elementor-col-33 elementor-top-column elementor-element elementor-element-3fbc59d\" data-id=\"3fbc59d\" data-element_type=\"column\" data-e-type=\"column\">\n\t\t\t<div class=\"elementor-widget-wrap elementor-element-populated\">\n\t\t\t\t\t\t<div class=\"elementor-element elementor-element-8ca3a45 elementor-widget elementor-widget-video\" data-id=\"8ca3a45\" data-element_type=\"widget\" data-e-type=\"widget\" data-settings=\"{&quot;youtube_url&quot;:&quot;https:\\\/\\\/www.youtube.com\\\/watch?v=WqdRQAiOjcU&quot;,&quot;video_type&quot;:&quot;youtube&quot;,&quot;controls&quot;:&quot;yes&quot;}\" data-widget_type=\"video.default\">\n\t\t\t\t<div class=\"elementor-widget-container\">\n\t\t\t\t\t\t\t<div class=\"elementor-wrapper elementor-open-inline\">\n\t\t\t<div class=\"elementor-video\"><\/div>\t\t<\/div>\n\t\t\t\t\t\t<\/div>\n\t\t\t\t<\/div>\n\t\t\t\t\t<\/div>\n\t\t<\/div>\n\t\t\t\t<div class=\"elementor-column elementor-col-33 elementor-top-column elementor-element elementor-element-8b9f4d8\" data-id=\"8b9f4d8\" data-element_type=\"column\" data-e-type=\"column\">\n\t\t\t<div class=\"elementor-widget-wrap elementor-element-populated\">\n\t\t\t\t\t\t<div class=\"elementor-element elementor-element-ad8c4fc elementor-widget elementor-widget-video\" data-id=\"ad8c4fc\" data-element_type=\"widget\" data-e-type=\"widget\" data-settings=\"{&quot;youtube_url&quot;:&quot;https:\\\/\\\/www.youtube.com\\\/watch?v=29Nw3rG4he0&quot;,&quot;video_type&quot;:&quot;youtube&quot;,&quot;controls&quot;:&quot;yes&quot;}\" data-widget_type=\"video.default\">\n\t\t\t\t<div class=\"elementor-widget-container\">\n\t\t\t\t\t\t\t<div class=\"elementor-wrapper elementor-open-inline\">\n\t\t\t<div class=\"elementor-video\"><\/div>\t\t<\/div>\n\t\t\t\t\t\t<\/div>\n\t\t\t\t<\/div>\n\t\t\t\t\t<\/div>\n\t\t<\/div>\n\t\t\t\t\t<\/div>\n\t\t<\/section>\n\t\t\t\t<\/div>","protected":false},"excerpt":{"rendered":"<p>HIP HOP \u0160OKI\u0172 TRENIRUOT\u0116S VILNIUJE, NAUJAMIESTYJE \u2013 VAIKAMS, PAAUGLIAMS, SUAUGUSIEMS HIP HOP \u2013 populiariausias gatv\u0117s \u0161oki\u0173 stilius. Jis ekspresyvus, energingas, [&hellip;]<\/p>\n","protected":false},"author":1,"featured_media":0,"parent":0,"menu_order":0,"comment_status":"closed","ping_status":"closed","template":"","meta":{"site-sidebar-layout":"no-sidebar","site-content-layout":"","ast-site-content-layout":"full-width-container","site-content-style":"default","site-sidebar-style":"default","ast-global-header-display":"","ast-banner-title-visibility":"","ast-main-header-display":"","ast-hfb-above-header-display":"","ast-hfb-below-header-display":"","ast-hfb-mobile-header-display":"","site-post-title":"disabled","ast-breadcrumbs-content":"","ast-featured-img":"disabled","footer-sml-layout":"","ast-disable-related-posts":"","theme-transparent-header-meta":"","adv-header-id-meta":"","stick-header-meta":"","header-above-stick-meta":"","header-main-stick-meta":"","header-below-stick-meta":"","astra-migrate-meta-layouts":"default","ast-page-background-enabled":"default","ast-page-background-meta":{"desktop":{"background-color":"var(--ast-global-color-4)","background-image":"","background-repeat":"repeat","background-position":"center center","background-size":"auto","background-attachment":"scroll","background-type":"","background-media":"","overlay-type":"","overlay-color":"","overlay-opacity":"","overlay-gradient":""},"tablet":{"background-color":"","background-image":"","background-repeat":"repeat","background-position":"center center","background-size":"auto","background-attachment":"scroll","background-type":"","background-media":"","overlay-type":"","overlay-color":"","overlay-opacity":"","overlay-gradient":""},"mobile":{"background-color":"","background-image":"","background-repeat":"repeat","background-position":"center center","background-size":"auto","background-attachment":"scroll","background-type":"","background-media":"","overlay-type":"","overlay-color":"","overlay-opacity":"","overlay-gradient":""}},"ast-content-background-meta":{"desktop":{"background-color":"var(--ast-global-color-5)","background-image":"","background-repeat":"repeat","background-position":"center center","background-size":"auto","background-attachment":"scroll","background-type":"","background-media":"","overlay-type":"","overlay-color":"","overlay-opacity":"","overlay-gradient":""},"tablet":{"background-color":"var(--ast-global-color-5)","background-image":"","background-repeat":"repeat","background-position":"center center","background-size":"auto","background-attachment":"scroll","background-type":"","background-media":"","overlay-type":"","overlay-color":"","overlay-opacity":"","overlay-gradient":""},"mobile":{"background-color":"var(--ast-global-color-5)","background-image":"","background-repeat":"repeat","background-position":"center center","background-size":"auto","background-attachment":"scroll","background-type":"","background-media":"","overlay-type":"","overlay-color":"","overlay-opacity":"","overlay-gradient":""}},"footnotes":""},"class_list":["post-3082","page","type-page","status-publish","hentry"],"_links":{"self":[{"href":"https:\/\/flowstudio.lt\/en\/wp-json\/wp\/v2\/pages\/3082","targetHints":{"allow":["GET"]}}],"collection":[{"href":"https:\/\/flowstudio.lt\/en\/wp-json\/wp\/v2\/pages"}],"about":[{"href":"https:\/\/flowstudio.lt\/en\/wp-json\/wp\/v2\/types\/page"}],"author":[{"embeddable":true,"href":"https:\/\/flowstudio.lt\/en\/wp-json\/wp\/v2\/users\/1"}],"replies":[{"embeddable":true,"href":"https:\/\/flowstudio.lt\/en\/wp-json\/wp\/v2\/comments?post=3082"}],"version-history":[{"count":10,"href":"https:\/\/flowstudio.lt\/en\/wp-json\/wp\/v2\/pages\/3082\/revisions"}],"predecessor-version":[{"id":3094,"href":"https:\/\/flowstudio.lt\/en\/wp-json\/wp\/v2\/pages\/3082\/revisions\/3094"}],"wp:attachment":[{"href":"https:\/\/flowstudio.lt\/en\/wp-json\/wp\/v2\/media?parent=3082"}],"curies":[{"name":"wp","href":"https:\/\/api.w.org\/{rel}","templated":true}]}}