{"id":2027,"date":"2024-04-25T13:13:30","date_gmt":"2024-04-25T13:13:30","guid":{"rendered":"https:\/\/flowstudio.lt\/?page_id=2027"},"modified":"2024-06-14T14:45:41","modified_gmt":"2024-06-14T14:45:41","slug":"atsiliepimai","status":"publish","type":"page","link":"https:\/\/flowstudio.lt\/en\/atsiliepimai\/","title":{"rendered":"Atsiliepimai"},"content":{"rendered":"\t\t<div data-elementor-type=\"wp-page\" data-elementor-id=\"2027\" class=\"elementor elementor-2027\">\n\t\t\t\t\t\t<section class=\"elementor-section elementor-top-section elementor-element elementor-element-5ad0f70 elementor-section-full_width elementor-section-height-default elementor-section-height-default\" data-id=\"5ad0f70\" data-element_type=\"section\" data-e-type=\"section\">\n\t\t\t\t\t\t<div class=\"elementor-container elementor-column-gap-default\">\n\t\t\t\t\t<div class=\"elementor-column elementor-col-100 elementor-top-column elementor-element elementor-element-25054b6\" data-id=\"25054b6\" data-element_type=\"column\" data-e-type=\"column\">\n\t\t\t<div class=\"elementor-widget-wrap elementor-element-populated\">\n\t\t\t\t\t\t<div class=\"elementor-element elementor-element-b2b04d9 elementor-widget elementor-widget-html\" data-id=\"b2b04d9\" data-element_type=\"widget\" data-e-type=\"widget\" data-widget_type=\"html.default\">\n\t\t\t\t<div class=\"elementor-widget-container\">\n\t\t\t\t\t<h2 class=\"main\"><span class=\"dot\"><\/span>Atsiliepimai<\/h2>\n\n\n\t\t\t\t<\/div>\n\t\t\t\t<\/div>\n\t\t\t\t\t<\/div>\n\t\t<\/div>\n\t\t\t\t\t<\/div>\n\t\t<\/section>\n\t\t\t\t<section class=\"elementor-section elementor-top-section elementor-element elementor-element-bfefede elementor-section-full_width elementor-section-height-default elementor-section-height-default\" data-id=\"bfefede\" data-element_type=\"section\" data-e-type=\"section\" data-settings=\"{&quot;background_background&quot;:&quot;classic&quot;}\">\n\t\t\t\t\t\t<div class=\"elementor-container elementor-column-gap-default\">\n\t\t\t\t\t<div class=\"elementor-column elementor-col-100 elementor-top-column elementor-element elementor-element-314f56a\" data-id=\"314f56a\" data-element_type=\"column\" data-e-type=\"column\">\n\t\t\t<div class=\"elementor-widget-wrap elementor-element-populated\">\n\t\t\t\t\t\t<div class=\"elementor-element elementor-element-98fa362 elementor-widget elementor-widget-html\" data-id=\"98fa362\" data-element_type=\"widget\" data-e-type=\"widget\" data-widget_type=\"html.default\">\n\t\t\t\t<div class=\"elementor-widget-container\">\n\t\t\t\t\t<div class=\"center\">\r\n    <div class=\"slider\" data-pos=\"0\">\r\n        <div class=\"slider__slides\">\r\n            <div class=\"slider__slide\">\r\n                 \r\n                \r\n                 <div class=\"testimonial-box\">\r\n                    <div class=\"right-border\">\r\n                        <img decoding=\"async\" src=\"\/wp-content\/uploads\/sokiu-stiliai1.jpg\">\r\n                        <h4>Profesional\u016bs treneriai, jauki aplinka ir kiekviena kart\u0105 puikiai praleisitas laikas!<\/h4>\r\n                        <p>Vardas pavard\u0117<\/p>\r\n                    <\/div>\r\n                <\/div>\r\n                \r\n                 <div class=\"testimonial-box\">\r\n                    <div class=\"right-border\">\r\n                        <img decoding=\"async\" src=\"\/wp-content\/uploads\/sokiu-stiliai1.jpg\">\r\n                        <h4>Profesional\u016bs treneriai, jauki aplinka ir kiekviena kart\u0105 puikiai praleisitas laikas!<\/h4>\r\n                        <p>Vardas pavard\u0117<\/p>\r\n                    <\/div>\r\n                <\/div>\r\n                \r\n                 <div class=\"testimonial-box\">\r\n                    <div class=\"right-border\">\r\n                        <img decoding=\"async\" src=\"\/wp-content\/uploads\/sokiu-stiliai1.jpg\">\r\n                        <h4>Profesional\u016bs treneriai, jauki aplinka ir kiekviena kart\u0105 puikiai praleisitas laikas!<\/h4>\r\n                        <p>Vardas pavard\u0117<\/p>\r\n                    <\/div>\r\n                <\/div>\r\n                \r\n                 <div class=\"testimonial-box\">\r\n                    <div class=\"right-border no-border\">\r\n                        <img decoding=\"async\" src=\"\/wp-content\/uploads\/sokiu-stiliai1.jpg\">\r\n                        <h4>Profesional\u016bs treneriai, jauki aplinka ir kiekviena kart\u0105 puikiai praleisitas laikas!<\/h4>\r\n                        <p>Vardas pavard\u0117<\/p>\r\n                    <\/div>\r\n                <\/div>\r\n                \r\n                 <div class=\"testimonial-box\">\r\n                    <div class=\"right-border\">\r\n                        <img decoding=\"async\" src=\"\/wp-content\/uploads\/sokiu-stiliai1.jpg\">\r\n                        <h4>Profesional\u016bs treneriai, jauki aplinka ir kiekviena kart\u0105 puikiai praleisitas laikas!<\/h4>\r\n                        <p>Vardas pavard\u0117<\/p>\r\n                    <\/div>\r\n                <\/div>\r\n                \r\n                 <div class=\"testimonial-box\">\r\n                    <div class=\"right-border\">\r\n                        <img decoding=\"async\" src=\"\/wp-content\/uploads\/sokiu-stiliai1.jpg\">\r\n                        <h4>Profesional\u016bs treneriai, jauki aplinka ir kiekviena kart\u0105 puikiai praleisitas laikas!<\/h4>\r\n                        <p>Vardas pavard\u0117<\/p>\r\n                    <\/div>\r\n                <\/div>\r\n                \r\n                 <div class=\"testimonial-box\">\r\n                    <div class=\"right-border\">\r\n                        <img decoding=\"async\" src=\"\/wp-content\/uploads\/sokiu-stiliai1.jpg\">\r\n                        <h4>Profesional\u016bs treneriai, jauki aplinka ir kiekviena kart\u0105 puikiai praleisitas laikas!<\/h4>\r\n                        <p>Vardas pavard\u0117<\/p>\r\n                    <\/div>\r\n                <\/div>\r\n                \r\n                 <div class=\"testimonial-box no-border\">\r\n                    <div class=\"right-border\">\r\n                        <img decoding=\"async\" src=\"\/wp-content\/uploads\/sokiu-stiliai1.jpg\">\r\n                        <h4>Profesional\u016bs treneriai, jauki aplinka ir kiekviena kart\u0105 puikiai praleisitas laikas!<\/h4>\r\n                        <p>Vardas pavard\u0117<\/p>\r\n                    <\/div>\r\n                <\/div>\r\n                \r\n                 <div class=\"testimonial-box\">\r\n                    <div class=\"right-border\">\r\n                        <img decoding=\"async\" src=\"\/wp-content\/uploads\/sokiu-stiliai1.jpg\">\r\n                        <h4>Profesional\u016bs treneriai, jauki aplinka ir kiekviena kart\u0105 puikiai praleisitas laikas!<\/h4>\r\n                        <p>Vardas pavard\u0117<\/p>\r\n                    <\/div>\r\n                <\/div>\r\n                \r\n                \r\n                 <div class=\"testimonial-box\">\r\n                    <div class=\"right-border\">\r\n                        <img decoding=\"async\" src=\"\/wp-content\/uploads\/sokiu-stiliai1.jpg\">\r\n                        <h4>Profesional\u016bs treneriai, jauki aplinka ir kiekviena kart\u0105 puikiai praleisitas laikas!<\/h4>\r\n                        <p>Vardas pavard\u0117<\/p>\r\n                    <\/div>\r\n                <\/div>\r\n                \r\n                \r\n                 <div class=\"testimonial-box\">\r\n                    <div class=\"right-border\">\r\n                        <img decoding=\"async\" src=\"\/wp-content\/uploads\/sokiu-stiliai1.jpg\">\r\n                        <h4>Profesional\u016bs treneriai, jauki aplinka ir kiekviena kart\u0105 puikiai praleisitas laikas!<\/h4>\r\n                        <p>Vardas pavard\u0117<\/p>\r\n                    <\/div>\r\n                <\/div>\r\n                \r\n                \r\n                 <div class=\"testimonial-box no-border\">\r\n                    <div class=\"right-border\">\r\n                        <img decoding=\"async\" src=\"\/wp-content\/uploads\/sokiu-stiliai1.jpg\">\r\n                        <h4>Profesional\u016bs treneriai, jauki aplinka ir kiekviena kart\u0105 puikiai praleisitas laikas!<\/h4>\r\n                        <p>Vardas pavard\u0117<\/p>\r\n                    <\/div>\r\n                <\/div>\r\n                <!-- Add more testimonial boxes here -->\r\n            <\/div>\r\n        <\/div>\r\n        <div class=\"slider__dots\">\r\n            <a class=\"slider__indicator\"><\/a>\r\n            <a class=\"slider__dot\" data-pos=\"0\"><\/a>\r\n            <a class=\"slider__dot\" data-pos=\"1\"><\/a>\r\n            <a class=\"slider__dot\" data-pos=\"2\"><\/a>\r\n        <\/div>\r\n    <\/div>\r\n<\/div>\r\n\r\n\r\n\r\n<style>\r\n\r\n\r\n.no-border {\r\n    border: none !important;\r\n}\r\n .testimonial-box {\r\n    padding: 64px 0px 0px 0px;\r\n\r\n}\r\n\r\n.right-border {\r\n    border-right: 1px solid #000;\r\n    margin-right: 32px;\r\n}\r\n\r\n.testimonial-box h4 {\r\n    color: #0F0F0F !important;\r\n    font-weight: 500 !important;\r\n    padding-right: 32px;\r\n}\r\n\r\n.testimonial-box p {\r\n    color: #0F0F0F;\r\n}\r\n\r\n.testimonial-box img {\r\n    margin-bottom: 24px;\r\n    width: 56px;\r\n    border-radius: 50%; \/* Added border-radius value *\/\r\n}\r\n\r\n.slider {\r\n    position: relative;\r\n    width: 100%;\r\n    height: 100%;\r\n    overflow: hidden;\r\n    padding-bottom: 32px; \/* Moved padding-bottom here *\/\r\n}\r\n\r\n.slider__slides {\r\n    display: flex; \/* Make the slides container a flexbox *\/\r\n    width: calc(100% * 3); \/* Adjusted width for 3 slides *\/\r\n    height: 100%;\r\n    transition: transform 0.3s cubic-bezier(0.51, 0.92, 0.24, 1);\r\n    will-change: transform;\r\n}\r\n\r\n.slider[data-pos=\"0\"] .slider__slides {\r\n    transform: translateX(0%);\r\n}\r\n\r\n.slider[data-pos=\"1\"] .slider__slides {\r\n    transform: translateX(-33.33%);\r\n}\r\n\r\n.slider[data-pos=\"2\"] .slider__slides {\r\n    transform: translateX(-66.67%);\r\n}\r\n\r\n.slider__slide {\r\n    float: left;\r\n    width: 100%; \r\n    height: 100%;\r\n    display: flex;\r\n}\r\n\r\n.slider__dots {\r\n    display: flex;\r\n    position: absolute;\r\n    bottom: 1.5em;\r\n    left: 50%;\r\n    transform: translateX(-50%);\r\n}\r\n\r\n.slider__dot,\r\n.slider__indicator {\r\n    display: block;\r\n    margin: 0 0.5em;\r\n    width: 1em;\r\n    height: 1em;\r\n    background: none;\r\n    border: 1px solid #0F0F0F;\r\n    border-radius: 100px;\r\n    cursor: pointer;\r\n}\r\n\r\n.slider__indicator {\r\n    position: absolute;\r\n    background: #0F0F0F;\r\n    width: auto;\r\n}\r\n\r\n.slider__indicator--left {\r\n    transition: left 0.3s cubic-bezier(0.51, 0.92, 0.24, 1.15), right 0.3s 0.1s cubic-bezier(0.51, 0.92, 0.24, 1.15);\r\n}\r\n\r\n.slider__indicator--right {\r\n    transition: left 0.3s 0.1s cubic-bezier(0.51, 0.92, 0.24, 1.15), right 0.3s cubic-bezier(0.51, 0.92, 0.24, 1.15);\r\n}\r\n\r\n.slider[data-pos=\"0\"] .slider__indicator {\r\n    left: 0em;\r\n    right: 4em; \/* Adjusted value for 3 dots *\/\r\n}\r\n\r\n.slider[data-pos=\"1\"] .slider__indicator {\r\n    left: 2em;\r\n    right: 2em; \/* Adjusted value for 3 dots *\/\r\n}\r\n\r\n.slider[data-pos=\"2\"] .slider__indicator {\r\n    left: 4em;\r\n    right: 0em; \/* Adjusted value for 3 dots *\/\r\n}\r\n\r\n.center {\r\n    height: 450px;\r\n    justify-content: center;\r\n    align-items: center;\r\n    background: #BDB8DC;\r\n    border-radius: 20px 20px 0px 0px;\r\n    padding: 32px 32px 32px 32px;\r\n}\r\n\r\n.slider__slide {\r\n    background: #BDB8DC;\r\n}\r\n\r\n\r\n\/* CSS *\/\r\n.testimonial-box {\r\n    padding: 64px 0px 0px 0px;\r\n  \r\n}\r\n\r\n\r\n\r\n\/* Adjust testimonial box width on mobile *\/\r\n@media only screen and (max-width: 600px) {\r\n    \r\n    \r\n\r\n    .slider__slide {\r\n        width: 100%; \/* Make testimonial box full width on mobile *\/\r\n    }\r\n    \r\n    .center {\r\n        height: 340px;\r\n    }\r\n    \r\n      .testimonial-box {\r\n       min-width: 33.34%;\r\n       padding-top: 16px;\r\n    }\r\n    \r\n    .right-border {\r\n        border: none;\r\n         margin-right: 0px;\r\n    }\r\n}\r\n\r\n\r\n    \r\n<\/style>\r\n\r\n\r\n<script>\r\n    let dots = 3; \/\/ Adjusted number of dots\r\n    let sliderElem = document.querySelector('.slider');\r\n    let dotElems = sliderElem.querySelectorAll('.slider__dot');\r\n    let indicatorElem = sliderElem.querySelector('.slider__indicator');\r\n    let isDragging = false;\r\n    let startPosX = 0;\r\n    let currentPosX = 0;\r\n    let threshold = 100; \/\/ Adjust the threshold as needed\r\n\r\n    Array.prototype.forEach.call(dotElems, (dotElem) => {\r\n        dotElem.addEventListener('click', (e) => {\r\n            let currentPos = parseInt(sliderElem.getAttribute('data-pos'));\r\n            let newPos = parseInt(dotElem.getAttribute('data-pos'));\r\n            let newDirection = newPos > currentPos ? 'right' : 'left';\r\n            let currentDirection = newPos < currentPos ? 'right' : 'left';\r\n            indicatorElem.classList.remove(`slider__indicator--${currentDirection}`);\r\n            indicatorElem.classList.add(`slider__indicator--${newDirection}`);\r\n            sliderElem.setAttribute('data-pos', newPos);\r\n        });\r\n    });\r\n\r\n    sliderElem.addEventListener('mousedown', (e) => {\r\n        isDragging = true;\r\n        startPosX = e.clientX;\r\n    });\r\n\r\n    sliderElem.addEventListener('mouseup', () => {\r\n        isDragging = false;\r\n    });\r\n\r\n    sliderElem.addEventListener('mousemove', (e) => {\r\n        if (isDragging) {\r\n            currentPosX = e.clientX;\r\n            let movement = currentPosX - startPosX;\r\n            if (Math.abs(movement) >= threshold) { \/\/ Check if movement meets threshold\r\n                let currentPos = parseInt(sliderElem.getAttribute('data-pos'));\r\n                let newPos = currentPos - Math.sign(movement);\r\n\r\n                if (newPos >= 0 && newPos < dots) {\r\n                    sliderElem.setAttribute('data-pos', newPos);\r\n                    startPosX = currentPosX;\r\n                }\r\n            }\r\n        }\r\n    });\r\n\r\n    sliderElem.addEventListener('touchstart', (e) => {\r\n        isDragging = true;\r\n        startPosX = e.touches[0].clientX;\r\n    });\r\n\r\n    sliderElem.addEventListener('touchend', () => {\r\n        isDragging = false;\r\n    });\r\n\r\n    sliderElem.addEventListener('touchmove', (e) => {\r\n        if (isDragging) {\r\n            currentPosX = e.touches[0].clientX;\r\n            let movement = currentPosX - startPosX;\r\n            if (Math.abs(movement) >= threshold) { \/\/ Check if movement meets threshold\r\n                let currentPos = parseInt(sliderElem.getAttribute('data-pos'));\r\n                let newPos = currentPos - Math.sign(movement);\r\n\r\n                if (newPos >= 0 && newPos < dots) {\r\n                    sliderElem.setAttribute('data-pos', newPos);\r\n                    startPosX = currentPosX;\r\n                }\r\n            }\r\n        }\r\n    });\r\n<\/script>\r\n\r\n\r\n\r\n\t\t\t\t<\/div>\n\t\t\t\t<\/div>\n\t\t\t\t\t<\/div>\n\t\t<\/div>\n\t\t\t\t\t<\/div>\n\t\t<\/section>\n\t\t\t\t<\/div>\n\t\t","protected":false},"excerpt":{"rendered":"<p>Atsiliepimai Profesional\u016bs treneriai, jauki aplinka ir kiekviena kart\u0105 puikiai praleisitas laikas! Vardas pavard\u0117 Profesional\u016bs treneriai, jauki aplinka ir kiekviena kart\u0105 [&hellip;]<\/p>\n","protected":false},"author":1,"featured_media":2873,"parent":0,"menu_order":0,"comment_status":"closed","ping_status":"closed","template":"","meta":{"site-sidebar-layout":"no-sidebar","site-content-layout":"","ast-site-content-layout":"full-width-container","site-content-style":"default","site-sidebar-style":"default","ast-global-header-display":"","ast-banner-title-visibility":"","ast-main-header-display":"","ast-hfb-above-header-display":"","ast-hfb-below-header-display":"","ast-hfb-mobile-header-display":"","site-post-title":"disabled","ast-breadcrumbs-content":"","ast-featured-img":"disabled","footer-sml-layout":"","ast-disable-related-posts":"","theme-transparent-header-meta":"","adv-header-id-meta":"","stick-header-meta":"","header-above-stick-meta":"","header-main-stick-meta":"","header-below-stick-meta":"","astra-migrate-meta-layouts":"default","ast-page-background-enabled":"default","ast-page-background-meta":{"desktop":{"background-color":"var(--ast-global-color-4)","background-image":"","background-repeat":"repeat","background-position":"center center","background-size":"auto","background-attachment":"scroll","background-type":"","background-media":"","overlay-type":"","overlay-color":"","overlay-opacity":"","overlay-gradient":""},"tablet":{"background-color":"","background-image":"","background-repeat":"repeat","background-position":"center center","background-size":"auto","background-attachment":"scroll","background-type":"","background-media":"","overlay-type":"","overlay-color":"","overlay-opacity":"","overlay-gradient":""},"mobile":{"background-color":"","background-image":"","background-repeat":"repeat","background-position":"center center","background-size":"auto","background-attachment":"scroll","background-type":"","background-media":"","overlay-type":"","overlay-color":"","overlay-opacity":"","overlay-gradient":""}},"ast-content-background-meta":{"desktop":{"background-color":"var(--ast-global-color-5)","background-image":"","background-repeat":"repeat","background-position":"center center","background-size":"auto","background-attachment":"scroll","background-type":"","background-media":"","overlay-type":"","overlay-color":"","overlay-opacity":"","overlay-gradient":""},"tablet":{"background-color":"var(--ast-global-color-5)","background-image":"","background-repeat":"repeat","background-position":"center center","background-size":"auto","background-attachment":"scroll","background-type":"","background-media":"","overlay-type":"","overlay-color":"","overlay-opacity":"","overlay-gradient":""},"mobile":{"background-color":"var(--ast-global-color-5)","background-image":"","background-repeat":"repeat","background-position":"center center","background-size":"auto","background-attachment":"scroll","background-type":"","background-media":"","overlay-type":"","overlay-color":"","overlay-opacity":"","overlay-gradient":""}},"footnotes":""},"class_list":["post-2027","page","type-page","status-publish","has-post-thumbnail","hentry"],"_links":{"self":[{"href":"https:\/\/flowstudio.lt\/en\/wp-json\/wp\/v2\/pages\/2027","targetHints":{"allow":["GET"]}}],"collection":[{"href":"https:\/\/flowstudio.lt\/en\/wp-json\/wp\/v2\/pages"}],"about":[{"href":"https:\/\/flowstudio.lt\/en\/wp-json\/wp\/v2\/types\/page"}],"author":[{"embeddable":true,"href":"https:\/\/flowstudio.lt\/en\/wp-json\/wp\/v2\/users\/1"}],"replies":[{"embeddable":true,"href":"https:\/\/flowstudio.lt\/en\/wp-json\/wp\/v2\/comments?post=2027"}],"version-history":[{"count":7,"href":"https:\/\/flowstudio.lt\/en\/wp-json\/wp\/v2\/pages\/2027\/revisions"}],"predecessor-version":[{"id":2034,"href":"https:\/\/flowstudio.lt\/en\/wp-json\/wp\/v2\/pages\/2027\/revisions\/2034"}],"wp:featuredmedia":[{"embeddable":true,"href":"https:\/\/flowstudio.lt\/en\/wp-json\/wp\/v2\/media\/2873"}],"wp:attachment":[{"href":"https:\/\/flowstudio.lt\/en\/wp-json\/wp\/v2\/media?parent=2027"}],"curies":[{"name":"wp","href":"https:\/\/api.w.org\/{rel}","templated":true}]}}