{"id":2018,"date":"2024-04-25T13:10:00","date_gmt":"2024-04-25T13:10:00","guid":{"rendered":"https:\/\/flowstudio.lt\/?page_id=2018"},"modified":"2024-06-14T15:30:53","modified_gmt":"2024-06-14T15:30:53","slug":"papildomos-paslaugos","status":"publish","type":"page","link":"https:\/\/flowstudio.lt\/en\/papildomos-paslaugos\/","title":{"rendered":"Additional services"},"content":{"rendered":"<div data-elementor-type=\"wp-page\" data-elementor-id=\"2018\" class=\"elementor elementor-2018\">\n\t\t\t\t\t\t<section class=\"elementor-section elementor-top-section elementor-element elementor-element-9975364 elementor-section-full_width elementor-section-height-default elementor-section-height-default\" data-id=\"9975364\" data-element_type=\"section\" data-e-type=\"section\">\n\t\t\t\t\t\t<div class=\"elementor-container elementor-column-gap-default\">\n\t\t\t\t\t<div class=\"elementor-column elementor-col-100 elementor-top-column elementor-element elementor-element-f3d2f4c\" data-id=\"f3d2f4c\" data-element_type=\"column\" data-e-type=\"column\">\n\t\t\t<div class=\"elementor-widget-wrap elementor-element-populated\">\n\t\t\t\t\t\t<div class=\"elementor-element elementor-element-5a5c586 elementor-widget elementor-widget-html\" data-id=\"5a5c586\" data-element_type=\"widget\" data-e-type=\"widget\" data-widget_type=\"html.default\">\n\t\t\t\t<div class=\"elementor-widget-container\">\n\t\t\t\t\t<h2 class=\"main\"><span class=\"dot\"><\/span>Additional services<\/h2>\n\n\n\t\t\t\t<\/div>\n\t\t\t\t<\/div>\n\t\t\t\t\t<\/div>\n\t\t<\/div>\n\t\t\t\t\t<\/div>\n\t\t<\/section>\n\t\t\t\t<section class=\"elementor-section elementor-top-section elementor-element elementor-element-b6b16d2 elementor-section-full_width elementor-section-height-default elementor-section-height-default\" data-id=\"b6b16d2\" data-element_type=\"section\" data-e-type=\"section\">\n\t\t\t\t\t\t<div class=\"elementor-container elementor-column-gap-default\">\n\t\t\t\t\t<div class=\"elementor-column elementor-col-100 elementor-top-column elementor-element elementor-element-8cbae72\" data-id=\"8cbae72\" data-element_type=\"column\" data-e-type=\"column\">\n\t\t\t<div class=\"elementor-widget-wrap elementor-element-populated\">\n\t\t\t\t\t\t<div class=\"elementor-element elementor-element-e4fda7b elementor-widget elementor-widget-html\" data-id=\"e4fda7b\" data-element_type=\"widget\" data-e-type=\"widget\" data-widget_type=\"html.default\">\n\t\t\t\t<div class=\"elementor-widget-container\">\n\t\t\t\t\t<div class=\"other-services-container\">\n\n        <a class=\"other-services-box\" href=\"\/en\/patalpu-nuoma\/\">\n          <h2>Hall rent<\/h2>\n            <img decoding=\"async\" src=\"\/wp-content\/uploads\/arrow-button-rotated-1.svg\">\n        <\/a>\n\n\n    <a class=\"other-services-box\" href=\"\/en\/vestuvinio-sokio-pamokos\/\">\n      <h2>Wedding dance lessons<\/h2>\n        <img decoding=\"async\" src=\"\/wp-content\/uploads\/arrow-button-rotated-1.svg\">\n    <\/a>\n<\/div>\n\n<div class=\"other-services-container\">\n    <a class=\"other-services-box\" href=\"\/en\/sokiu-programa-jusu-renginiui\/\">\n      <h2>Dance program for your event<\/h2>\n        <img decoding=\"async\" src=\"\/wp-content\/uploads\/arrow-button-rotated-1.svg\">\n    <\/a>\n    <a class=\"other-services-box\" href=\"\/en\/bernvakariui-mergvakariui\/\">\n      <h2>For a bachelor\/bachelorette party<\/h2>\n        <img decoding=\"async\" src=\"\/wp-content\/uploads\/arrow-button-rotated-1.svg\">\n    <\/a>\n<\/div>\n\n\n<style>\n\n.other-services-container {\n    display: flex;\n    margin-bottom: 32px;\n}\n\n.other-services-container :first-child {\n    margin-right: 56px !important;\n}\n\n.other-services-box {\n    display: flex;\n    align-items: center;\n    text-decoration: none !important;\n    width: 50%;\n    justify-content: space-between;\n    border-bottom: 1px solid #595959;\n}\n\n.other-services-box h2 {\n\n    line-height: 1\n    margin-bottom: 0px !important;\n}\n\n.other-services-box img {\n    width: 32px;\n}\n\n@media only screen and (max-width: 768px) {\n    .other-services-container {\n    display: block;\n    margin-bottom: 32px;\n}\n    \n    \n.other-services-box {\n    width: 100%;\n    justify-content: space-between;\n    border-bottom: 1px solid #595959;\n}\n\n.other-services-container {\n    margin-bottom: 0px;\n}\n\n.other-services-box h2 {\n    padding-top: 16px;\n}\n\n.other-services-container .last-element {\n    border-bottom: none !important;\n}\n\n\n    \n<\/style>\t\t\t\t<\/div>\n\t\t\t\t<\/div>\n\t\t\t\t\t<\/div>\n\t\t<\/div>\n\t\t\t\t\t<\/div>\n\t\t<\/section>\n\t\t\t\t<\/div>","protected":false},"excerpt":{"rendered":"<p>Papildomos paslaugos Patalp\u0173 nuoma Vestuvinio \u0161okio pamokos \u0160oki\u0173 programa j\u016bs\u0173 renginiui Bernvakariui \/ mergvakariui<\/p>","protected":false},"author":1,"featured_media":2873,"parent":0,"menu_order":0,"comment_status":"closed","ping_status":"closed","template":"","meta":{"site-sidebar-layout":"no-sidebar","site-content-layout":"","ast-site-content-layout":"full-width-container","site-content-style":"default","site-sidebar-style":"default","ast-global-header-display":"","ast-banner-title-visibility":"","ast-main-header-display":"","ast-hfb-above-header-display":"","ast-hfb-below-header-display":"","ast-hfb-mobile-header-display":"","site-post-title":"disabled","ast-breadcrumbs-content":"","ast-featured-img":"disabled","footer-sml-layout":"","ast-disable-related-posts":"","theme-transparent-header-meta":"","adv-header-id-meta":"","stick-header-meta":"","header-above-stick-meta":"","header-main-stick-meta":"","header-below-stick-meta":"","astra-migrate-meta-layouts":"default","ast-page-background-enabled":"default","ast-page-background-meta":{"desktop":{"background-color":"var(--ast-global-color-4)","background-image":"","background-repeat":"repeat","background-position":"center center","background-size":"auto","background-attachment":"scroll","background-type":"","background-media":"","overlay-type":"","overlay-color":"","overlay-opacity":"","overlay-gradient":""},"tablet":{"background-color":"","background-image":"","background-repeat":"repeat","background-position":"center center","background-size":"auto","background-attachment":"scroll","background-type":"","background-media":"","overlay-type":"","overlay-color":"","overlay-opacity":"","overlay-gradient":""},"mobile":{"background-color":"","background-image":"","background-repeat":"repeat","background-position":"center center","background-size":"auto","background-attachment":"scroll","background-type":"","background-media":"","overlay-type":"","overlay-color":"","overlay-opacity":"","overlay-gradient":""}},"ast-content-background-meta":{"desktop":{"background-color":"var(--ast-global-color-5)","background-image":"","background-repeat":"repeat","background-position":"center center","background-size":"auto","background-attachment":"scroll","background-type":"","background-media":"","overlay-type":"","overlay-color":"","overlay-opacity":"","overlay-gradient":""},"tablet":{"background-color":"var(--ast-global-color-5)","background-image":"","background-repeat":"repeat","background-position":"center center","background-size":"auto","background-attachment":"scroll","background-type":"","background-media":"","overlay-type":"","overlay-color":"","overlay-opacity":"","overlay-gradient":""},"mobile":{"background-color":"var(--ast-global-color-5)","background-image":"","background-repeat":"repeat","background-position":"center center","background-size":"auto","background-attachment":"scroll","background-type":"","background-media":"","overlay-type":"","overlay-color":"","overlay-opacity":"","overlay-gradient":""}},"footnotes":""},"class_list":["post-2018","page","type-page","status-publish","has-post-thumbnail","hentry"],"_links":{"self":[{"href":"https:\/\/flowstudio.lt\/en\/wp-json\/wp\/v2\/pages\/2018","targetHints":{"allow":["GET"]}}],"collection":[{"href":"https:\/\/flowstudio.lt\/en\/wp-json\/wp\/v2\/pages"}],"about":[{"href":"https:\/\/flowstudio.lt\/en\/wp-json\/wp\/v2\/types\/page"}],"author":[{"embeddable":true,"href":"https:\/\/flowstudio.lt\/en\/wp-json\/wp\/v2\/users\/1"}],"replies":[{"embeddable":true,"href":"https:\/\/flowstudio.lt\/en\/wp-json\/wp\/v2\/comments?post=2018"}],"version-history":[{"count":13,"href":"https:\/\/flowstudio.lt\/en\/wp-json\/wp\/v2\/pages\/2018\/revisions"}],"predecessor-version":[{"id":2901,"href":"https:\/\/flowstudio.lt\/en\/wp-json\/wp\/v2\/pages\/2018\/revisions\/2901"}],"wp:featuredmedia":[{"embeddable":true,"href":"https:\/\/flowstudio.lt\/en\/wp-json\/wp\/v2\/media\/2873"}],"wp:attachment":[{"href":"https:\/\/flowstudio.lt\/en\/wp-json\/wp\/v2\/media?parent=2018"}],"curies":[{"name":"wp","href":"https:\/\/api.w.org\/{rel}","templated":true}]}}