{"id":2009,"date":"2024-04-25T13:07:41","date_gmt":"2024-04-25T13:07:41","guid":{"rendered":"https:\/\/flowstudio.lt\/?page_id=2009"},"modified":"2025-07-28T13:12:10","modified_gmt":"2025-07-28T10:12:10","slug":"treneriai","status":"publish","type":"page","link":"https:\/\/flowstudio.lt\/en\/treneriai\/","title":{"rendered":"Trainers"},"content":{"rendered":"<div data-elementor-type=\"wp-page\" data-elementor-id=\"2009\" class=\"elementor elementor-2009\">\n\t\t\t\t\t\t<section class=\"elementor-section elementor-top-section elementor-element elementor-element-4437353 elementor-section-full_width elementor-section-height-default elementor-section-height-default\" data-id=\"4437353\" data-element_type=\"section\" data-e-type=\"section\">\n\t\t\t\t\t\t<div class=\"elementor-container elementor-column-gap-default\">\n\t\t\t\t\t<div class=\"elementor-column elementor-col-100 elementor-top-column elementor-element elementor-element-85fe335\" data-id=\"85fe335\" data-element_type=\"column\" data-e-type=\"column\">\n\t\t\t<div class=\"elementor-widget-wrap elementor-element-populated\">\n\t\t\t\t\t\t<div class=\"elementor-element elementor-element-2890dfd elementor-widget elementor-widget-html\" data-id=\"2890dfd\" data-element_type=\"widget\" data-e-type=\"widget\" data-widget_type=\"html.default\">\n\t\t\t\t<div class=\"elementor-widget-container\">\n\t\t\t\t\t<h2 class=\"main\"><span class=\"dot\"><\/span>Trainers<\/h2>\n\n\n\t\t\t\t<\/div>\n\t\t\t\t<\/div>\n\t\t\t\t\t<\/div>\n\t\t<\/div>\n\t\t\t\t\t<\/div>\n\t\t<\/section>\n\t\t\t\t<section class=\"elementor-section elementor-top-section elementor-element elementor-element-5f24082 elementor-section-full_width elementor-section-height-default elementor-section-height-default\" data-id=\"5f24082\" data-element_type=\"section\" data-e-type=\"section\">\n\t\t\t\t\t\t<div class=\"elementor-container elementor-column-gap-default\">\n\t\t\t\t\t<div class=\"elementor-column elementor-col-100 elementor-top-column elementor-element elementor-element-ed8e254\" data-id=\"ed8e254\" data-element_type=\"column\" data-e-type=\"column\">\n\t\t\t<div class=\"elementor-widget-wrap elementor-element-populated\">\n\t\t\t\t\t\t<div class=\"elementor-element elementor-element-79bcf39 elementor-widget elementor-widget-html\" data-id=\"79bcf39\" data-element_type=\"widget\" data-e-type=\"widget\" data-widget_type=\"html.default\">\n\t\t\t\t<div class=\"elementor-widget-container\">\n\t\t\t\t\t<div class=\"trainer1\">\r\n \r\n    <div class=\"trainer-style\">\r\n        <div class=\"image-container\"><\/div>\r\n        <div class=\"trainer-name\">\r\n        <h3>Gytis<\/h3>\r\n        <h3 class=\"dance-style\">Hip Hop & House<\/h3>\r\n        <\/div>\r\n    <\/div>\r\n    <div class=\"trainer-infobox\" style=\"display: none;\">\r\n        <div class=\"text-box\">\r\n        <p>Studijos \u012fk\u016br\u0117jas, savo \u0161oki\u0173 ir mokytojavimo patirt\u012f skai\u010diuojantis de\u0161imtme\u010diais! Gy\u010dio treniruot\u0117s ne tik kupinos pozityvo ir geros nuotaikos, bet ir yra profesionaliai suplanuotos ir pritaikytos kiekvienai am\u017eiaus grupei bei pa\u017eangumo lygiui.<br>Vedamos grup\u0117s: HIP HOP pa\u017eeng\u0119 11-14m; HOUSE pradedantieji suaug\u0119 18+<\/p>\r\n        <\/div>\r\n        <button class=\"primary\" onclick=\"location.href = '\/registracija\/#hiphop';\">Register now<\/button>\r\n    <\/div>\r\n<\/div>\r\n\r\n<div class=\"trainer2\">\r\n    <div class=\"trainer-style\">\r\n        <div class=\"image-container\"><\/div>  \r\n        <div class=\"trainer-name\">\r\n        <h3>Guoda<\/h3>\r\n        <h3 class=\"dance-style\">House<\/h3>\r\n        <\/div>\r\n    <\/div>\r\n    <div class=\"trainer-infobox\" style=\"display: none;\">\r\n        <div class=\"text-box\">\r\n        <p>Studijos \u012fk\u016br\u0117ja, pedagog\u0117, House stiliaus \u0161ok\u0117ja bei trener\u0117. \u0160i, visad besi\u0161ypsanti, aktyvi, pozityvi ir linksma trener\u0117 savo sukaupta patirtimi, \u017einiomis bei k\u016bryba visa \u0161irdimi dalinasi su mokiniais, kurie v\u0117liau visus stebina \u012fdomiais \u0161oki\u0173 video bei d\u017eiuginan\u010diomis pergal\u0117mis gatv\u0117s \u0161oki\u0173 konkursuose.<br>Vedamos grup\u0117s: House pa\u017eeng\u0119 15+, Build The House komanda 15+ <\/p>\r\n\r\n        <\/div>\r\n        <button class=\"primary\" onclick=\"location.href = '\/registracija\/#house';\">Register now<\/button>\r\n    <\/div>\r\n<\/div>\r\n\r\n<div class=\"trainer3\">\r\n    <div class=\"trainer-style\">\r\n        <div class=\"image-container\"><\/div>\r\n        <div class=\"trainer-name\">\r\n        <h3>Robert<\/h3>\r\n        <h3 class=\"dance-style\">Hip Hop & Street Dance<\/h3>\r\n        <\/div>\r\n    <\/div>\r\n    <div class=\"trainer-infobox\" style=\"display: none;\">\r\n        <div class=\"text-box\">\r\n        <p>Profesionalus ir vienas geriausi\u0173 Hip Hop ir House stiliaus \u0161ok\u0117j\u0173 Baltijos \u0161alyse. Treneris \u012f Lietuv\u0105 atkeliavo i\u0161 Estijos ir, nors \u010dia gyvena dar ne tiek ir ilgai, jau sp\u0117jo \u012fsitvirtinti tiek televizijoje, tiek did\u017eiosiose Lietuvos arenose, \u0161okant su garsiausiais atlik\u0117jais, tokiais kaip Jessica Shy, Justinas Jarutis, Donny Montel ir kiti. Robert \u2013 grie\u017etas, bet teisingas treneris, kuris savo \u017einiomis ir \u012fg\u016bd\u017eiais treniruot\u0117se dalinasi angl\u0173 bei rus\u0173 kalbomis.<br>Vedamos grup\u0117s: Hip Hop pradedantieji 11-17m, Hip Hop pradedantieji suaug\u0119 18+, Street Dance pradedantieji ir pramok\u0119 11-14m, Hip Hop pa\u017eeng\u0119 15+, D.A.P. komanda 18+ <\/p>\r\n        <\/div>\r\n        <button class=\"primary\" onclick=\"location.href = '\/registracija\/#hiphop';\">Register now<\/button>\r\n    <\/div>\r\n<\/div>\r\n\r\n<div class=\"trainer4\">\r\n    <div class=\"trainer-style\">\r\n        <div class=\"image-container\"><\/div>\r\n        <div class=\"trainer-name\">\r\n        <h3>Greta ir Gabriel\u0117 <\/h3>\r\n        <h3 class=\"dance-style\">Hip Hop<\/h3>\r\n        <\/div>\r\n    <\/div>\r\n    <div class=\"trainer-infobox\" style=\"display: none;\">\r\n        <div class=\"text-box\">\r\n        <p>Ses\u0117s dvyn\u0117s, did\u017eiul\u0119 \u0161oki\u0173 patirt\u012f i\u0161 geriausi\u0173 Lietuvos ir u\u017esienio \u0161ok\u0117j\u0173 susirinkusios jaunosios trener\u0117s, turin\u010dios ypating\u0105 ry\u0161\u012f su vaikais. Savo treniruot\u0117se jos taiko \u012fvairius metodus, lavinan\u010dius ne tik \u0161oki\u0173 bet ir sporto judesius, taip pat disciplin\u0105, komandi\u0161kum\u0105 bei d\u0117mesio sutelkim\u0105.<br>Vedamos grup\u0117s: Hip Hop pradedantieji 7-10m, Hip Hop pramok\u0119 7-10m.<\/p>\r\n        <\/div>\r\n        <button class=\"primary\" onclick=\"location.href = '\/registracija\/#vaikai';\">Register now<\/button>\r\n    <\/div>\r\n<\/div>\r\n\r\n<div class=\"trainer5\">\r\n    <div class=\"trainer-style\">\r\n        <div class=\"image-container\"><\/div>\r\n        <div class=\"trainer-name\">\r\n        <h3>Deimant\u0117<\/h3>\r\n        <h3 class=\"dance-style\">Dancehall<\/h3>\r\n        <\/div>\r\n    <\/div>\r\n    <div class=\"trainer-infobox\" style=\"display: none;\">\r\n        <div class=\"text-box\">\r\n        <p>Dancehall stiliaus pradinink\u0117 Lietuvoje, profesionali \u0161ok\u0117ja bei trener\u0117, \u012fsigilinusi ne tik \u012f judesi\u0173 technik\u0105, bet ir \u012f \u0161io stiliaus istorij\u0105 bei vis\u0105 jamaikie\u010di\u0173 kult\u016br\u0105. Deimant\u0117 su did\u017eiuliu u\u017esidegimu dalinasi savo \u017einiomis ir \u012fg\u016bd\u017eiais ir u\u017ekre\u010dia \u0161okiu taip, kad tampa sunku sustoti. \u0160i trener\u0117 gali pasigirti ne tik puikiais \u0161oki\u0173 pasiekimais, bet ir u\u017eaugintais Dancehall stiliaus treneriais, kurie toliau didina \u0161io \u0161okio populiarum\u0105 Lietuvoje!<br>Vedamos grup\u0117s: Dancehall pradedantieji ir pramok\u0119 16+, Dancehall pa\u017eeng\u0119 16+<\/p>\r\n        <\/div>\r\n        <button class=\"primary\" onclick=\"location.href = '\/registracija\/#dancehall';\">Register now<\/button>\r\n    <\/div>\r\n<\/div>\r\n\r\n<div class=\"trainer6\">\r\n    <div class=\"trainer-style\">\r\n        <div class=\"image-container\"><\/div>\r\n        <div class=\"trainer-name\">\r\n        <h3>Veronika<\/h3>\r\n        <h3 class=\"dance-style\">Choreo & Feminine choreo<\/h3>\r\n        <\/div>\r\n    <\/div>\r\n    <div class=\"trainer-infobox\" style=\"display: none;\">\r\n        <div class=\"text-box\">\r\n        <p>Nepaprastai veikli, k\u016brybi\u0161ka, talentinga \u0161ok\u0117ja bei trener\u0117, vedanti Choreo bei Feminine Choreo treniruotes. Nei muzikin\u0117s televizijos laidos, nei garsiausi\u0173 Lietuvos atlik\u0117j\u0173 koncertai arenose neapseina be Veronikos, kuri ten ne tik \u0161oka, bet ir kuria choreografijas bei \u0161ou pasirodymus, kuri\u0173 pa\u017ei\u016br\u0117ti susirenka de\u0161imtys t\u016bkstan\u010di\u0173 \u017emoni\u0173. O \u017eaviausia yra tai, kad nepaisant \u0161ios did\u017eiul\u0117s puok\u0161t\u0117s pasiekim\u0173, ji yra kukli ir miela, visada pasiruo\u0161usi savo \u017einiomis ir \u012fg\u016bd\u017eiais dalinti su kitais.<br>Vedamos grup\u0117s: Feminine Choreo pradedantieji 11-14m, Feminine Choreo OPEN 15+, Choreo OPEN 14+<\/p>\r\n        <\/div>\r\n        <button class=\"primary\" onclick=\"location.href = '\/registracija\/#choreo';\">Register now<\/button>\r\n    <\/div>\r\n<\/div>\r\n\r\n\r\n<div class=\"trainer7\">\r\n    <div class=\"trainer-style\">\r\n        <div class=\"image-container\"><\/div>\r\n        <div class=\"trainer-name\">\r\n        <h3>Dainius<\/h3>\r\n        <h3 class=\"dance-style\">Latino<\/h3>\r\n        <\/div>\r\n    <\/div>\r\n    <div class=\"trainer-infobox\" style=\"display: none;\">\r\n        <div class=\"text-box\">\r\n        <p>pPofesionalus sportini\u0173 \u0161oki\u0173 \u0161ok\u0117jas ir treneris, savo \u0161okio karjer\u0105 skai\u010diuojantis de\u0161imtme\u010diais. Turi ger\u0105 humoro jausm\u0105, sodr\u0173 bals\u0105 bei nerealiai \u0161oka u\u017edegan\u010dius Lotyn\u0173 Amerikos \u0161okius. \u0160io trenerio i\u0161skirtinumas tas, kad savo kuriamose choreografijose jis nebijo eksperimentuoti ne tik miksuodamas \u012fvairius muzikos ritmus, bet ir \u012fterpdamas netradicinius judesi\u0173 akcentus. Savo treniruot\u0117se Dainius laukia tiek por\u0173, tiek solo \u0161ok\u0117j\u0173, norin\u010di\u0173 \u012fprasminti savo laisvalaik\u012f \u0161okiu.<br>Vedamos grup\u0117s: Latino poromis pradedantieji 20+, Latino poromis OPEN 20+, Solo Latino pa\u017eeng\u0119 20+, SWAY komanda 20+<\/p>\r\n        <\/div>\r\n        <button class=\"primary\" onclick=\"location.href = '\/registracija\/#latino';\">Register now<\/button>\r\n    <\/div>\r\n<\/div>\r\n\r\n<div class=\"trainer8\">\r\n    <div class=\"trainer-style\">\r\n        <div class=\"image-container\"><\/div>\r\n        <div class=\"trainer-name\">\r\n        <h3>Liepa<\/h3>\r\n        <h3 class=\"dance-style\">High Heels, House & Hip Hop<\/h3>\r\n        <\/div>\r\n    <\/div>\r\n    <div class=\"trainer-infobox\" style=\"display: none;\">\r\n        <div class=\"text-box\">\r\n        <p>Talentinga \u0161ok\u0117ja, trener\u0117, pedagog\u0117, \u0161okanti tikriausiai nuo pat tada, kai \u0117m\u0117 vaik\u0161\u010dioti. \u0160i u\u017esispyrusi bei vietoje nenustygstanti mergina save i\u0161band\u0117 beveik visuose \u0161oki\u0173 stiliuose ir per ilgus \u0161oki\u0173 metus prikaup\u0117 galyb\u0119 patirties, tod\u0117l jos pamokose netr\u016bksta \u012fvairov\u0117s, i\u0161skirtinumo, profesionalumo, asmeninio d\u0117mesio kiekvienam bei, \u017einoma, geros nuotaikos.<br>Vedamos grup\u0117s: High Heels pradedantieji 16+, High Heels pramok\u0119 16+, House pradedantieji 11-17m, Hip Hop ma\u017eyliai 4-6m\r\n<\/p>\r\n        <\/div>\r\n        <button class=\"primary\" onclick=\"location.href = '\/registracija\/#highheels';\">Register now<\/button>\r\n    <\/div>\r\n<\/div>\r\n\r\n<div class=\"trainer9\">\r\n    <div class=\"trainer-style\">\r\n        <div class=\"image-container\"><\/div>\r\n        <div class=\"trainer-name\">\r\n        <h3>Igor<\/h3>\r\n        <h3 class=\"dance-style\">Breikas<\/h3>\r\n        <\/div>\r\n    <\/div>\r\n    <div class=\"trainer-infobox\" style=\"display: none;\">\r\n        <div class=\"text-box\">\r\n        <p>Profesionalus, draugi\u0161kas ir \u012fkvepiantis breiko treneris, turintis ai\u0161ki\u0105 savo vizij\u0105 kokia turi b\u016bti treniruot\u0117 ir koki\u0173 turime siekti rezultat\u0173 joje. Igoriui yra itin svarbi judesi\u0173 kokyb\u0117 bei \u017emogaus fizin\u0117 sveikata, tad savo treniruot\u0117se jis daug d\u0117mesio skiria fiziniam pasiruo\u0161imui. \u0160is treneris atranda kelius \u012f vaik\u0173 \u0161irdis ir jo d\u0117ka breik\u0105 tiesiog pamilsta visi paband\u0119.<br>Vedamos grup\u0117s: Breiko pradedantieji ir pramok\u0119 6+<\/p>\r\n        <\/div>\r\n        <button class=\"primary\" onclick=\"location.href = '\/registracija\/#breaking';\">Register now<\/button>\r\n    <\/div>\r\n<\/div>\r\n\r\n<div class=\"trainer10\">\r\n    <div class=\"trainer-style\">\r\n        <div class=\"image-container\"><\/div>\r\n        <div class=\"trainer-name\">\r\n        <h3>Viktoria<\/h3>\r\n        <h3 class=\"dance-style\">Contemporary & Waacking <\/h3>\r\n        <\/div>\r\n    <\/div>\r\n    <div class=\"trainer-infobox\" style=\"display: none;\">\r\n        <div class=\"text-box\">\r\n        <p>Profesionali \u0161ok\u0117ja, trener\u0117, meninink\u0117. Ji tiesiog gyvena \u0161okiu, nuolat tobul\u0117ja ir visas savo \u017einias bei \u0161ird\u012f atiduoda savo mokiniams. Ji draugi\u0161ka ir miela, tad treniruot\u0117se visada tvyro nuostabi energija ir pozityvas.<br>Vedamos grup\u0117s: Contemporary pradedantieji 11-15m, Waacking Open 15+<\/p>\r\n        <\/div>\r\n        <button class=\"primary\" onclick=\"location.href = '\/registracija\/';\">Register now<\/button>\r\n    <\/div>\r\n<\/div>\r\n\r\n<div class=\"trainer11\">\r\n    <div class=\"trainer-style\">\r\n        <div class=\"image-container\"><\/div>\r\n        <div class=\"trainer-name\">\r\n        <h3>Inga<\/h3>\r\n        <h3 class=\"dance-style\">Dancehall<\/h3>\r\n        <\/div>\r\n    <\/div>\r\n    <div class=\"trainer-infobox\" style=\"display: none;\">\r\n        <div class=\"text-box\">\r\n        <p>Kerin\u010dios \u0161ypsenos savinink\u0117, geros nuotaikos skleid\u0117ja, profesionali Dancehall stiliaus \u0161ok\u0117ja bei mokytoja. Jos treniruot\u0117s visada ai\u0161kios, linksmos bei produktyvios, o energija tiesiog u\u017ekr\u0117\u010dianti.<br>Vedamos grup\u0117s: Dancehall pradedantieji 11-15m<\/p>\r\n        <\/div>\r\n        <button class=\"primary\" onclick=\"location.href = '\/registracija\/';\">Register now<\/button>\r\n    <\/div>\r\n<\/div>\r\n\r\n<div class=\"trainer12\">\r\n    <div class=\"trainer-style\">\r\n        <div class=\"image-container\"><\/div>\r\n        <div class=\"trainer-name\">\r\n        <h3>Gaivil\u0117<\/h3>\r\n        <h3 class=\"dance-style\">Dancer Body & Dancehall<\/h3>\r\n        <\/div>\r\n    <\/div>\r\n    <div class=\"trainer-infobox\" style=\"display: none;\">\r\n        <div class=\"text-box\">\r\n        <p>I\u0161skirtin\u0119 energij\u0105 spinduliuojanti \u0161ok\u0117ja bei trener\u0117. Jos treniruot\u0117s \u2013 lyg terapija, kuri pakrauna, motyvuoja, nuostabiai nuteikia visai dienai. Ar tai rytinis sportas, ar popietiniai \u0161okiai \u2013 \u0161ios treniruot\u0117s nepalieka abejing\u0173.<br>Vedamos grup\u0117s: Dancer Body rytin\u0117s sporto ir tempimo pratim\u0173 treniruot\u0117s, Dancehall pradedantieji, dienin\u0117 grup\u0117 20+<\/p>\r\n        <\/div>\r\n        <button class=\"primary\" onclick=\"location.href = '\/registracija\/';\">Register now<\/button>\r\n    <\/div>\r\n<\/div>\r\n\r\n\r\n<div class=\"trainer13\">\r\n    <div class=\"trainer-style\">\r\n        <div class=\"image-container\"><\/div>\r\n        <div class=\"trainer-name\">\r\n        <h3>August\u0117<\/h3>\r\n        <h3 class=\"dance-style\">Latino Choreo<\/h3>\r\n        <\/div>\r\n    <\/div>\r\n    <div class=\"trainer-infobox\" style=\"display: none;\">\r\n        <div class=\"text-box\">\r\n        <p>Profesionali sportini\u0173 \u0161oki\u0173 \u0161ok\u0117ja bei trener\u0117, kuri Lotyn\u0173 Amerikos \u0161okius perfiltruoja pro savo prizm\u0119 ir pateikia moderniai bei moteri\u0161kai. Jos treniruot\u0117se visada linksma ir kar\u0161ta! Tai malonus laikas sau kiekvienai moteriai.<br>Vedamos grup\u0117s: Latino Choreo pradedantieji ir pramok\u0119 20+, Latino Choreo Sekmadieniais 20+<\/p>\r\n        <\/div>\r\n        <button class=\"primary\" onclick=\"location.href = '\/registracija\/';\">Register now<\/button>\r\n    <\/div>\r\n<\/div>\r\n\r\n\r\n\r\n<style>\r\n\r\n   \r\n   \r\n        \r\n     .trainer1, .trainer2, .trainer3, .trainer4, .trainer5, .trainer6, .trainer7, .trainer8, .trainer9, .trainer10, .trainer11, .trainer12, .trainer13 {\r\n        position: relative;\r\n        cursor: pointer;\r\n    }\r\n    \r\n    \r\n\r\n     .trainer1, .trainer2, .trainer3, .trainer4, .trainer5, .trainer6, .trainer7, .trainer8, .trainer9, .trainer10, .trainer11, .trainer12, .trainer13 {\r\n        color: #969696 !important;\r\n        padding: 25px 0px 8px 10px;\r\n        border-top: 1px solid #595959;\r\n        \/*display: flex;*\/\r\n        \/*justify-content: space-between;*\/\r\n        align-items: center;\r\n    }\r\n    \r\n    .trainer-style {\r\n        display: flex;\r\n        justify-content: space-between;\r\n        align-items: flex-end !important;\r\n    }\r\n    \r\n    .trainer-name {\r\n    display: flex;\r\n    justify-content: space-between;\r\n    align-items: center;\r\n    width: 100%;\r\n    }\r\n    \r\n    \r\n    .last-element {\r\n        border-bottom: 1px\r\n    }\r\n    \r\n    \r\n    .image-container {\r\n        width: 230px;\r\n        height: 230px;\r\n        border-radius: 20px;\r\n        background-image: url('\/wp-content\/uploads\/treneris-gytis.jpg'); \/* Put your image URL here *\/\r\n        background-size: cover;\r\n        position: absolute;\r\n        visibility: hidden;\r\n        z-index: 999;\r\n        \/*top: calc(100% + 10px);*\/\r\n        \/*left: 0%;*\/\r\n        \/*transform: translateX(-50%);*\/\r\n        \r\n    }\r\n    \r\n \r\n    \r\n    .trainer1 .image-container {\r\n         background-image: url('\/wp-content\/uploads\/flow-stiliai4.jpg'); \r\n    }\r\n    \r\n     .trainer2 .image-container {\r\n         background-image: url('\/wp-content\/uploads\/flow-stiliai6.jpg'); \r\n    }\r\n    \r\n    .trainer3 .image-container {\r\n         background-image: url('\/wp-content\/uploads\/flow-stiliai10.jpg'); \r\n    }\r\n    \r\n    .trainer4 .image-container {\r\n         background-image: url('\/wp-content\/uploads\/flow-stiliai5.jpg'); \r\n    }\r\n    \r\n    .trainer5 .image-container {\r\n         background-image: url('\/wp-content\/uploads\/flow-stiliai13.jpg'); \r\n    }\r\n    \r\n    .trainer6 .image-container {\r\n         background-image: url('\/wp-content\/uploads\/flow-stiliai11.jpg'); \r\n    }\r\n    \r\n    .trainer7 .image-container {\r\n         background-image: url('\/wp-content\/uploads\/flow-stiliai2.jpg'); \r\n    }\r\n    \r\n    .trainer8 .image-container {\r\n     background-image: url('\/wp-content\/uploads\/flow-stiliai9.jpg'); \r\n    }\r\n    \r\n    .trainer9 .image-container {\r\n     background-image: url('\/wp-content\/uploads\/flow-stiliai7.jpg'); \r\n    }\r\n    \r\n    .trainer10 .image-container {\r\n     background-image: url('\/wp-content\/uploads\/flow-stiliai12.jpg'); \r\n    }\r\n    \r\n    .trainer11 .image-container {\r\n     background-image: url('\/wp-content\/uploads\/flow-stiliai8.jpg'); \r\n    }\r\n    \r\n    .trainer12 .image-container {\r\n     background-image: url('\/wp-content\/uploads\/flow-stiliai3.jpg'); \r\n    }\r\n    \r\n    .trainer13 .image-container {\r\n     background-image: url('\/wp-content\/uploads\/flow-stiliai1.jpg'); \r\n    }\r\n    \r\n    .trainer-infobox {\r\n        display: flex;\r\n        align-items: flex-end;\r\n        justify-content: space-between;\r\n    }\r\n      \r\n      \r\n    .trainer-infobox button {\r\n     margin-bottom: 25px;   \r\n    }\r\n    \r\n    .text-box {\r\n         display: flex;\r\n         padding-right: 180px;\r\n    }\r\n    \r\n      \r\n    .text-box p {\r\n        padding-right: 32px;\r\n    }\r\n    \r\n  \r\n  \r\n  @media only screen and (max-width: 768px) {\r\n      \r\n    .trainer4 h3:not(.dance-style) {\r\n        max-width: 85px;\r\n    } \r\n      \r\n    .trainer-infobox .text-box {\r\n        display: block !important;\r\n        padding-right: 0px;\r\n    }\r\n    \r\n    .text-box p {\r\n        padding-right: 0px;\r\n    }\r\n    \r\n    .image-container {\r\n        position: static;\r\n        visibility: visible;\r\n        width: 90px;\r\n        height: 70px;\r\n        margin-bottom: 10px;\r\n        margin-right: 20px;\r\n        z-index: 1;\r\n    }\r\n    \r\n    .trainer-style {\r\n        align-items: center !important;\r\n    }\r\n    \r\n    .trainer-style h3 {\r\n        margin-bottom: 0px !important;\r\n    }\r\n    \r\n    h3.dance-style {\r\n        width: 40%;\r\n    }\r\n    \r\n    \r\n    \r\n  }\r\n    \r\n    \r\n    \r\n      \r\n<\/style>\r\n\r\n<script>\r\n\r\nconst trainers = document.querySelectorAll('.trainer1, .trainer2, .trainer3, .trainer4, .trainer5, .trainer6, .trainer7, .trainer8, .trainer9, .trainer10, .trainer11, .trainer12, .trainer13');\r\ndocument.addEventListener(\"DOMContentLoaded\", function(event) {\r\n   \r\n    \r\n    trainers.forEach(function(trainer) {\r\n        const imageContainer = trainer.querySelector('.image-container');\r\n        \r\n        if (window.innerWidth > 768) {\r\n            \/\/ Function to handle mouse movement\r\n        function followMouse(event) {\r\n            const rect = trainer.getBoundingClientRect();\r\n            const offsetX = event.clientX - rect.left;\r\n            const offsetY = event.clientY - rect.top;\r\n            \r\n            imageContainer.style.left = offsetX + 'px';\r\n            imageContainer.style.top = offsetY + 'px';\r\n        }\r\n        \r\n        \/\/ Add event listener to hover\r\n        trainer.addEventListener(\"mouseover\", function() {\r\n            imageContainer.style.visibility = 'visible';\r\n            document.addEventListener('mousemove', followMouse);\r\n        });\r\n        \r\n        \/\/ Remove event listener when hover ends\r\n        trainer.addEventListener(\"mouseout\", function() {\r\n            imageContainer.style.visibility = 'hidden';\r\n            document.removeEventListener('mousemove', followMouse);\r\n        }); \r\n        }\r\n        \r\n       \r\n    });\r\n});\r\n\r\n\r\n<\/script>\r\n\r\n<script>\r\ndocument.addEventListener(\"DOMContentLoaded\", function(event) {\r\n\r\n    trainers.forEach(function(trainer) {\r\n        trainer.addEventListener(\"click\", function() {\r\n            const infobox = this.querySelector('.trainer-infobox');\r\n            \r\n            if (window.innerWidth > 768) {\r\n              infobox.style.display = infobox.style.display === 'none' ? 'flex' : 'none';  \r\n            } else if (window.innerWidth < 768) {\r\n                infobox.style.display = infobox.style.display === 'none' ? 'block' : 'none'; \r\n            }\r\n            \r\n            \r\n        });\r\n    });\r\n});\r\n\r\n<\/script>\r\n\t\t\t\t<\/div>\n\t\t\t\t<\/div>\n\t\t\t\t\t<\/div>\n\t\t<\/div>\n\t\t\t\t\t<\/div>\n\t\t<\/section>\n\t\t\t\t<\/div>","protected":false},"excerpt":{"rendered":"<p>Treneriai Gytis Hip Hop &#038; House Studijos \u012fk\u016br\u0117jas, savo \u0161oki\u0173 ir mokytojavimo patirt\u012f skai\u010diuojantis de\u0161imtme\u010diais! Gy\u010dio treniruot\u0117s ne tik kupinos [&hellip;]<\/p>\n","protected":false},"author":1,"featured_media":0,"parent":0,"menu_order":0,"comment_status":"closed","ping_status":"closed","template":"","meta":{"site-sidebar-layout":"no-sidebar","site-content-layout":"","ast-site-content-layout":"full-width-container","site-content-style":"default","site-sidebar-style":"default","ast-global-header-display":"","ast-banner-title-visibility":"","ast-main-header-display":"","ast-hfb-above-header-display":"","ast-hfb-below-header-display":"","ast-hfb-mobile-header-display":"","site-post-title":"disabled","ast-breadcrumbs-content":"","ast-featured-img":"disabled","footer-sml-layout":"","ast-disable-related-posts":"","theme-transparent-header-meta":"","adv-header-id-meta":"","stick-header-meta":"","header-above-stick-meta":"","header-main-stick-meta":"","header-below-stick-meta":"","astra-migrate-meta-layouts":"default","ast-page-background-enabled":"default","ast-page-background-meta":{"desktop":{"background-color":"var(--ast-global-color-4)","background-image":"","background-repeat":"repeat","background-position":"center center","background-size":"auto","background-attachment":"scroll","background-type":"","background-media":"","overlay-type":"","overlay-color":"","overlay-opacity":"","overlay-gradient":""},"tablet":{"background-color":"","background-image":"","background-repeat":"repeat","background-position":"center center","background-size":"auto","background-attachment":"scroll","background-type":"","background-media":"","overlay-type":"","overlay-color":"","overlay-opacity":"","overlay-gradient":""},"mobile":{"background-color":"","background-image":"","background-repeat":"repeat","background-position":"center center","background-size":"auto","background-attachment":"scroll","background-type":"","background-media":"","overlay-type":"","overlay-color":"","overlay-opacity":"","overlay-gradient":""}},"ast-content-background-meta":{"desktop":{"background-color":"var(--ast-global-color-5)","background-image":"","background-repeat":"repeat","background-position":"center center","background-size":"auto","background-attachment":"scroll","background-type":"","background-media":"","overlay-type":"","overlay-color":"","overlay-opacity":"","overlay-gradient":""},"tablet":{"background-color":"var(--ast-global-color-5)","background-image":"","background-repeat":"repeat","background-position":"center center","background-size":"auto","background-attachment":"scroll","background-type":"","background-media":"","overlay-type":"","overlay-color":"","overlay-opacity":"","overlay-gradient":""},"mobile":{"background-color":"var(--ast-global-color-5)","background-image":"","background-repeat":"repeat","background-position":"center center","background-size":"auto","background-attachment":"scroll","background-type":"","background-media":"","overlay-type":"","overlay-color":"","overlay-opacity":"","overlay-gradient":""}},"footnotes":""},"class_list":["post-2009","page","type-page","status-publish","hentry"],"_links":{"self":[{"href":"https:\/\/flowstudio.lt\/en\/wp-json\/wp\/v2\/pages\/2009","targetHints":{"allow":["GET"]}}],"collection":[{"href":"https:\/\/flowstudio.lt\/en\/wp-json\/wp\/v2\/pages"}],"about":[{"href":"https:\/\/flowstudio.lt\/en\/wp-json\/wp\/v2\/types\/page"}],"author":[{"embeddable":true,"href":"https:\/\/flowstudio.lt\/en\/wp-json\/wp\/v2\/users\/1"}],"replies":[{"embeddable":true,"href":"https:\/\/flowstudio.lt\/en\/wp-json\/wp\/v2\/comments?post=2009"}],"version-history":[{"count":43,"href":"https:\/\/flowstudio.lt\/en\/wp-json\/wp\/v2\/pages\/2009\/revisions"}],"predecessor-version":[{"id":3625,"href":"https:\/\/flowstudio.lt\/en\/wp-json\/wp\/v2\/pages\/2009\/revisions\/3625"}],"wp:attachment":[{"href":"https:\/\/flowstudio.lt\/en\/wp-json\/wp\/v2\/media?parent=2009"}],"curies":[{"name":"wp","href":"https:\/\/api.w.org\/{rel}","templated":true}]}}