{"id":1968,"date":"2024-04-25T12:47:02","date_gmt":"2024-04-25T12:47:02","guid":{"rendered":"https:\/\/flowstudio.lt\/?page_id=1968"},"modified":"2025-07-21T20:20:27","modified_gmt":"2025-07-21T17:20:27","slug":"kainos","status":"publish","type":"page","link":"https:\/\/flowstudio.lt\/en\/kainos\/","title":{"rendered":"Prices"},"content":{"rendered":"<div data-elementor-type=\"wp-page\" data-elementor-id=\"1968\" class=\"elementor elementor-1968\">\n\t\t\t\t\t\t<section class=\"elementor-section elementor-top-section elementor-element elementor-element-b8ba28b elementor-section-full_width elementor-section-height-default elementor-section-height-default\" data-id=\"b8ba28b\" data-element_type=\"section\" data-e-type=\"section\">\n\t\t\t\t\t\t<div class=\"elementor-container elementor-column-gap-default\">\n\t\t\t\t\t<div class=\"elementor-column elementor-col-100 elementor-top-column elementor-element elementor-element-3216fcb\" data-id=\"3216fcb\" data-element_type=\"column\" data-e-type=\"column\">\n\t\t\t<div class=\"elementor-widget-wrap elementor-element-populated\">\n\t\t\t\t\t\t<div class=\"elementor-element elementor-element-bbf3cc6 elementor-widget elementor-widget-html\" data-id=\"bbf3cc6\" data-element_type=\"widget\" data-e-type=\"widget\" data-widget_type=\"html.default\">\n\t\t\t\t<div class=\"elementor-widget-container\">\n\t\t\t\t\t<h2 class=\"main\"><span class=\"dot\"><\/span>Prices<\/h2>\n\n\n\t\t\t\t<\/div>\n\t\t\t\t<\/div>\n\t\t\t\t\t<\/div>\n\t\t<\/div>\n\t\t\t\t\t<\/div>\n\t\t<\/section>\n\t\t\t\t<section class=\"elementor-section elementor-top-section elementor-element elementor-element-dff157f elementor-section-full_width elementor-section-height-default elementor-section-height-default\" data-id=\"dff157f\" data-element_type=\"section\" data-e-type=\"section\">\n\t\t\t\t\t\t<div class=\"elementor-container elementor-column-gap-default\">\n\t\t\t\t\t<div class=\"elementor-column elementor-col-50 elementor-top-column elementor-element elementor-element-433e8d9\" data-id=\"433e8d9\" data-element_type=\"column\" data-e-type=\"column\">\n\t\t\t<div class=\"elementor-widget-wrap elementor-element-populated\">\n\t\t\t\t\t\t<section class=\"elementor-section elementor-inner-section elementor-element elementor-element-ffe28ec price-box1 elementor-section-boxed elementor-section-height-default elementor-section-height-default\" data-id=\"ffe28ec\" data-element_type=\"section\" data-e-type=\"section\">\n\t\t\t\t\t\t<div class=\"elementor-container elementor-column-gap-default\">\n\t\t\t\t\t<div class=\"elementor-column elementor-col-50 elementor-inner-column elementor-element elementor-element-902eec5\" data-id=\"902eec5\" data-element_type=\"column\" data-e-type=\"column\">\n\t\t\t<div class=\"elementor-widget-wrap elementor-element-populated\">\n\t\t\t\t\t\t<div class=\"elementor-element elementor-element-7573743 elementor-widget elementor-widget-html\" data-id=\"7573743\" data-element_type=\"widget\" data-e-type=\"widget\" data-widget_type=\"html.default\">\n\t\t\t\t<div class=\"elementor-widget-container\">\n\t\t\t\t\t<a class=\"pricing\" href=\"\/en\/registracija\/\">\n    <div class=\"pricing-box grey-box\">\n        <h2>15<span> eur<\/span><\/h2>\n        <div class=\"description\">\n        <p>One time<br> subscription<\/p>\n        <img decoding=\"async\" src=\"\/wp-content\/uploads\/Pricing-arrow-button.svg\" alt=\"Pricing-button-arrow\" width=\"40\" class=\"pricing-button\">\n        <\/div>\n    <\/div>\n<\/a>\n\n\n\n\n\n\n\n<style>\n\n\n.pricing-box {\n    padding: 84px 24px 0px 24px;\n    border-radius: 20px;\n}\n\n.grey-box {\n    background-color: #AAAABD;\n}\n\n.purple-box {\n    background-color: #BDB8DC;\n}\n\n.pricing-box h2 {\n    color: #0F0F0F !important;\n    font-size: 85px;\n    font-weight: 500 !important;\n    margin-bottom: 80px;\n}\n\n.pricing-box h2 span, .pricing-box h2 {\n    line-height: 0;\n\n}\n\n.description p {\n    color: #0F0F0F;\n    font-weight: 500 !important;\n    line-height: 28px;\n    font-size: 24px;\n    height: 60px;\n}\n\n.pricing-box h2 span {\n        font-size: 16px;\n         font-weight: 500 !important;\n}\n\n.description {\n    display: flex;\n    justify-content: space-between;\n}\n\n.description img {\n    margin-top: 8px;\n    width: 32px;\n    height: 32px;\n}\n\na.pricing {\n    text-decoration: none !important;\n}\n\n\n\n\n    \n<\/style>\n\n\n<script>\n\n\nif (window.innerWidth >= 768) {\n     window.onload = function() {\n    var pricebox1Height = document.querySelector('.price-box1').offsetHeight;\n    var pricebox2Height = document.querySelector('.price-box2').offsetHeight;\n    var combinedHeight = pricebox1Height + pricebox2Height - 20;\n\n    \/\/ Set the combined height to pricebox3\n    document.querySelector('.price-box3').style.height = combinedHeight + 'px';\n  }; \n}\n\n\n\n<\/script>\t\t\t\t<\/div>\n\t\t\t\t<\/div>\n\t\t\t\t\t<\/div>\n\t\t<\/div>\n\t\t\t\t<div class=\"elementor-column elementor-col-50 elementor-inner-column elementor-element elementor-element-350e23a\" data-id=\"350e23a\" data-element_type=\"column\" data-e-type=\"column\">\n\t\t\t<div class=\"elementor-widget-wrap elementor-element-populated\">\n\t\t\t\t\t\t<div class=\"elementor-element elementor-element-66ec324 elementor-widget elementor-widget-html\" data-id=\"66ec324\" data-element_type=\"widget\" data-e-type=\"widget\" data-widget_type=\"html.default\">\n\t\t\t\t<div class=\"elementor-widget-container\">\n\t\t\t\t\t<a class=\"pricing\" href=\"\/en\/registracija\/\">\n    <div class=\"pricing-box purple-box\">\n        <h2>45<span> eur\/month.<\/span><\/h2>\n        <div class=\"description\">\n        <p>Pusinis vieno stiliaus<br> subscription<\/p>\n        <img decoding=\"async\" src=\"\/wp-content\/uploads\/Pricing-arrow-button.svg\" alt=\"Pricing-button-arrow\" width=\"40\" class=\"pricing-button\">\n        <\/div>\n    <\/div>\n<\/a>\n\n\t\t\t\t<\/div>\n\t\t\t\t<\/div>\n\t\t\t\t\t<\/div>\n\t\t<\/div>\n\t\t\t\t\t<\/div>\n\t\t<\/section>\n\t\t\t\t<section class=\"elementor-section elementor-inner-section elementor-element elementor-element-9ba8f39 price-box2 elementor-section-boxed elementor-section-height-default elementor-section-height-default\" data-id=\"9ba8f39\" data-element_type=\"section\" data-e-type=\"section\">\n\t\t\t\t\t\t<div class=\"elementor-container elementor-column-gap-default\">\n\t\t\t\t\t<div class=\"elementor-column elementor-col-50 elementor-inner-column elementor-element elementor-element-77c7791\" data-id=\"77c7791\" data-element_type=\"column\" data-e-type=\"column\">\n\t\t\t<div class=\"elementor-widget-wrap elementor-element-populated\">\n\t\t\t\t\t\t<div class=\"elementor-element elementor-element-359a75b elementor-widget elementor-widget-html\" data-id=\"359a75b\" data-element_type=\"widget\" data-e-type=\"widget\" data-widget_type=\"html.default\">\n\t\t\t\t<div class=\"elementor-widget-container\">\n\t\t\t\t\t<a class=\"pricing\" href=\"\/en\/registracija\/\">\n    <div class=\"pricing-box purple-box\">\n        <h2>75<span> eur\/month.<\/span><\/h2>\n        <div class=\"description\">\n        <p>One style<br> subscription<\/p>\n        <img decoding=\"async\" src=\"\/wp-content\/uploads\/Pricing-arrow-button.svg\" alt=\"Pricing-button-arrow\" width=\"40\" class=\"pricing-button\">\n        <\/div>\n    <\/div>\n<\/a>\n\t\t\t\t<\/div>\n\t\t\t\t<\/div>\n\t\t\t\t\t<\/div>\n\t\t<\/div>\n\t\t\t\t<div class=\"elementor-column elementor-col-50 elementor-inner-column elementor-element elementor-element-d04c0d2\" data-id=\"d04c0d2\" data-element_type=\"column\" data-e-type=\"column\">\n\t\t\t<div class=\"elementor-widget-wrap elementor-element-populated\">\n\t\t\t\t\t\t<div class=\"elementor-element elementor-element-d6b1306 elementor-widget elementor-widget-html\" data-id=\"d6b1306\" data-element_type=\"widget\" data-e-type=\"widget\" data-widget_type=\"html.default\">\n\t\t\t\t<div class=\"elementor-widget-container\">\n\t\t\t\t\t<a class=\"pricing\" href=\"\/en\/registracija\/\">\n    <div class=\"pricing-box grey-box\">\n        <h2>110<span>eur\/month.<\/span><\/h2>\n        <div class=\"description\">\n        <p>Two styles <br> subscription<\/p>\n        <img decoding=\"async\" src=\"\/wp-content\/uploads\/Pricing-arrow-button.svg\" alt=\"Pricing-button-arrow\" width=\"40\" class=\"pricing-button\">\n        <\/div>\n    <\/div>\n<\/a>\n\n\t\t\t\t<\/div>\n\t\t\t\t<\/div>\n\t\t\t\t\t<\/div>\n\t\t<\/div>\n\t\t\t\t\t<\/div>\n\t\t<\/section>\n\t\t\t\t<section class=\"elementor-section elementor-inner-section elementor-element elementor-element-4f66d1f price-box2 elementor-section-boxed elementor-section-height-default elementor-section-height-default\" data-id=\"4f66d1f\" data-element_type=\"section\" data-e-type=\"section\">\n\t\t\t\t\t\t<div class=\"elementor-container elementor-column-gap-default\">\n\t\t\t\t\t<div class=\"elementor-column elementor-col-50 elementor-inner-column elementor-element elementor-element-9b35d0e\" data-id=\"9b35d0e\" data-element_type=\"column\" data-e-type=\"column\">\n\t\t\t<div class=\"elementor-widget-wrap elementor-element-populated\">\n\t\t\t\t\t\t<div class=\"elementor-element elementor-element-7fe566e elementor-widget elementor-widget-html\" data-id=\"7fe566e\" data-element_type=\"widget\" data-e-type=\"widget\" data-widget_type=\"html.default\">\n\t\t\t\t<div class=\"elementor-widget-container\">\n\t\t\t\t\t<a class=\"pricing\" href=\"\/en\/registracija\/\">\n    <div class=\"pricing-box grey-box\">\n        <h2>150<span>eur\/month.<\/span><\/h2>\n        <div class=\"description\">\n        <p>Trij\u0173 stili\u0173 <br> subscription<\/p>\n        <img decoding=\"async\" src=\"\/wp-content\/uploads\/Pricing-arrow-button.svg\" alt=\"Pricing-button-arrow\" width=\"40\" class=\"pricing-button\">\n        <\/div>\n    <\/div>\n<\/a>\n\n\t\t\t\t<\/div>\n\t\t\t\t<\/div>\n\t\t\t\t\t<\/div>\n\t\t<\/div>\n\t\t\t\t<div class=\"elementor-column elementor-col-50 elementor-inner-column elementor-element elementor-element-7f6082a\" data-id=\"7f6082a\" data-element_type=\"column\" data-e-type=\"column\">\n\t\t\t<div class=\"elementor-widget-wrap elementor-element-populated\">\n\t\t\t\t\t\t<div class=\"elementor-element elementor-element-2f58809 elementor-widget__width-initial elementor-widget elementor-widget-html\" data-id=\"2f58809\" data-element_type=\"widget\" data-e-type=\"widget\" data-widget_type=\"html.default\">\n\t\t\t\t<div class=\"elementor-widget-container\">\n\t\t\t\t\t<a class=\"pricing\" href=\"\/en\/registracija\/\">\n    <div class=\"pricing-box purple-box\">\n        <h2>180<span> eur\/month.<\/span><\/h2>\n        <div class=\"description\">\n        <p>Unlimited<br> subscription<\/p>\n        <img decoding=\"async\" src=\"\/wp-content\/uploads\/Pricing-arrow-button.svg\" alt=\"Pricing-button-arrow\" width=\"40\" class=\"pricing-button\">\n        <\/div>\n    <\/div>\n<\/a>\n\t\t\t\t<\/div>\n\t\t\t\t<\/div>\n\t\t\t\t\t<\/div>\n\t\t<\/div>\n\t\t\t\t\t<\/div>\n\t\t<\/section>\n\t\t\t\t\t<\/div>\n\t\t<\/div>\n\t\t\t\t<div class=\"elementor-column elementor-col-50 elementor-top-column elementor-element elementor-element-780600f\" data-id=\"780600f\" data-element_type=\"column\" data-e-type=\"column\">\n\t\t\t<div class=\"elementor-widget-wrap elementor-element-populated\">\n\t\t\t\t\t\t<section class=\"elementor-section elementor-inner-section elementor-element elementor-element-f27dd4b price-box3 elementor-section-boxed elementor-section-height-default elementor-section-height-default\" data-id=\"f27dd4b\" data-element_type=\"section\" data-e-type=\"section\">\n\t\t\t\t\t\t<div class=\"elementor-container elementor-column-gap-default\">\n\t\t\t\t\t<div class=\"elementor-column elementor-col-100 elementor-inner-column elementor-element elementor-element-0c7a370\" data-id=\"0c7a370\" data-element_type=\"column\" data-e-type=\"column\">\n\t\t\t<div class=\"elementor-widget-wrap elementor-element-populated\">\n\t\t\t\t\t\t<section class=\"elementor-section elementor-inner-section elementor-element elementor-element-ebaf222 elementor-section-boxed elementor-section-height-default elementor-section-height-default\" data-id=\"ebaf222\" data-element_type=\"section\" data-e-type=\"section\">\n\t\t\t\t\t\t<div class=\"elementor-container elementor-column-gap-default\">\n\t\t\t\t\t<div class=\"elementor-column elementor-col-50 elementor-inner-column elementor-element elementor-element-342567a first-star-box\" data-id=\"342567a\" data-element_type=\"column\" data-e-type=\"column\">\n\t\t\t<div class=\"elementor-widget-wrap elementor-element-populated\">\n\t\t\t\t\t\t<div class=\"elementor-element elementor-element-f57ca85 elementor-widget elementor-widget-image\" data-id=\"f57ca85\" data-element_type=\"widget\" data-e-type=\"widget\" data-widget_type=\"image.default\">\n\t\t\t\t<div class=\"elementor-widget-container\">\n\t\t\t\t\t\t\t\t\t\t\t\t\t\t\t<img decoding=\"async\" width=\"36\" height=\"34\" src=\"https:\/\/flowstudio.lt\/wp-content\/uploads\/star.svg\" class=\"attachment-large size-large wp-image-238\" alt=\"star\" \/>\t\t\t\t\t\t\t\t\t\t\t\t\t\t\t<\/div>\n\t\t\t\t<\/div>\n\t\t\t\t<div class=\"elementor-element elementor-element-25a361c elementor-widget elementor-widget-heading\" data-id=\"25a361c\" data-element_type=\"widget\" data-e-type=\"widget\" data-widget_type=\"heading.default\">\n\t\t\t\t<div class=\"elementor-widget-container\">\n\t\t\t\t\t<p class=\"elementor-heading-title elementor-size-default\">First class is free<\/p>\t\t\t\t<\/div>\n\t\t\t\t<\/div>\n\t\t\t\t\t<\/div>\n\t\t<\/div>\n\t\t\t\t<div class=\"elementor-column elementor-col-50 elementor-inner-column elementor-element elementor-element-389f3fd\" data-id=\"389f3fd\" data-element_type=\"column\" data-e-type=\"column\">\n\t\t\t<div class=\"elementor-widget-wrap elementor-element-populated\">\n\t\t\t\t\t\t<div class=\"elementor-element elementor-element-cbc445a elementor-widget elementor-widget-image\" data-id=\"cbc445a\" data-element_type=\"widget\" data-e-type=\"widget\" data-widget_type=\"image.default\">\n\t\t\t\t<div class=\"elementor-widget-container\">\n\t\t\t\t\t\t\t\t\t\t\t\t\t\t\t<img decoding=\"async\" width=\"36\" height=\"34\" src=\"https:\/\/flowstudio.lt\/wp-content\/uploads\/star.svg\" class=\"attachment-large size-large wp-image-238\" alt=\"star\" \/>\t\t\t\t\t\t\t\t\t\t\t\t\t\t\t<\/div>\n\t\t\t\t<\/div>\n\t\t\t\t<div class=\"elementor-element elementor-element-9fef78d elementor-widget elementor-widget-heading\" data-id=\"9fef78d\" data-element_type=\"widget\" data-e-type=\"widget\" data-widget_type=\"heading.default\">\n\t\t\t\t<div class=\"elementor-widget-container\">\n\t\t\t\t\t<p class=\"elementor-heading-title elementor-size-default\"> -25 Eur NV\u0160 nuolaida moksleiviams<\/p>\t\t\t\t<\/div>\n\t\t\t\t<\/div>\n\t\t\t\t\t<\/div>\n\t\t<\/div>\n\t\t\t\t\t<\/div>\n\t\t<\/section>\n\t\t\t\t<section class=\"elementor-section elementor-inner-section elementor-element elementor-element-a82cc7f elementor-section-boxed elementor-section-height-default elementor-section-height-default\" data-id=\"a82cc7f\" data-element_type=\"section\" data-e-type=\"section\">\n\t\t\t\t\t\t<div class=\"elementor-container elementor-column-gap-default\">\n\t\t\t\t\t<div class=\"elementor-column elementor-col-50 elementor-inner-column elementor-element elementor-element-a8192d3 first-star-box\" data-id=\"a8192d3\" data-element_type=\"column\" data-e-type=\"column\">\n\t\t\t<div class=\"elementor-widget-wrap elementor-element-populated\">\n\t\t\t\t\t\t<div class=\"elementor-element elementor-element-f4ac2be elementor-widget elementor-widget-image\" data-id=\"f4ac2be\" data-element_type=\"widget\" data-e-type=\"widget\" data-widget_type=\"image.default\">\n\t\t\t\t<div class=\"elementor-widget-container\">\n\t\t\t\t\t\t\t\t\t\t\t\t\t\t\t<img decoding=\"async\" width=\"36\" height=\"34\" src=\"https:\/\/flowstudio.lt\/wp-content\/uploads\/star.svg\" class=\"attachment-large size-large wp-image-238\" alt=\"star\" \/>\t\t\t\t\t\t\t\t\t\t\t\t\t\t\t<\/div>\n\t\t\t\t<\/div>\n\t\t\t\t<div class=\"elementor-element elementor-element-f83a094 elementor-widget elementor-widget-heading\" data-id=\"f83a094\" data-element_type=\"widget\" data-e-type=\"widget\" data-widget_type=\"heading.default\">\n\t\t\t\t<div class=\"elementor-widget-container\">\n\t\t\t\t\t<p class=\"elementor-heading-title elementor-size-default\"> -10% nuolaida studentams<\/p>\t\t\t\t<\/div>\n\t\t\t\t<\/div>\n\t\t\t\t\t<\/div>\n\t\t<\/div>\n\t\t\t\t<div class=\"elementor-column elementor-col-50 elementor-inner-column elementor-element elementor-element-2794b05\" data-id=\"2794b05\" data-element_type=\"column\" data-e-type=\"column\">\n\t\t\t<div class=\"elementor-widget-wrap elementor-element-populated\">\n\t\t\t\t\t\t<div class=\"elementor-element elementor-element-352905d elementor-widget elementor-widget-image\" data-id=\"352905d\" data-element_type=\"widget\" data-e-type=\"widget\" data-widget_type=\"image.default\">\n\t\t\t\t<div class=\"elementor-widget-container\">\n\t\t\t\t\t\t\t\t\t\t\t\t\t\t\t<img decoding=\"async\" width=\"36\" height=\"34\" src=\"https:\/\/flowstudio.lt\/wp-content\/uploads\/star.svg\" class=\"attachment-large size-large wp-image-238\" alt=\"star\" \/>\t\t\t\t\t\t\t\t\t\t\t\t\t\t\t<\/div>\n\t\t\t\t<\/div>\n\t\t\t\t<div class=\"elementor-element elementor-element-ffa1afd elementor-widget elementor-widget-heading\" data-id=\"ffa1afd\" data-element_type=\"widget\" data-e-type=\"widget\" data-widget_type=\"heading.default\">\n\t\t\t\t<div class=\"elementor-widget-container\">\n\t\t\t\t\t<p class=\"elementor-heading-title elementor-size-default\"> -50% nuolaida antram \u0161eimos nariui<\/p>\t\t\t\t<\/div>\n\t\t\t\t<\/div>\n\t\t\t\t\t<\/div>\n\t\t<\/div>\n\t\t\t\t\t<\/div>\n\t\t<\/section>\n\t\t\t\t<section class=\"elementor-section elementor-inner-section elementor-element elementor-element-156367b elementor-section-boxed elementor-section-height-default elementor-section-height-default\" data-id=\"156367b\" data-element_type=\"section\" data-e-type=\"section\">\n\t\t\t\t\t\t<div class=\"elementor-container elementor-column-gap-default\">\n\t\t\t\t\t<div class=\"elementor-column elementor-col-50 elementor-inner-column elementor-element elementor-element-cc0a6a4\" data-id=\"cc0a6a4\" data-element_type=\"column\" data-e-type=\"column\">\n\t\t\t<div class=\"elementor-widget-wrap elementor-element-populated\">\n\t\t\t\t\t\t<div class=\"elementor-element elementor-element-ba5a0ec elementor-widget elementor-widget-html\" data-id=\"ba5a0ec\" data-element_type=\"widget\" data-e-type=\"widget\" data-widget_type=\"html.default\">\n\t\t\t\t<div class=\"elementor-widget-container\">\n\t\t\t\t\t\r\n<div class=\"rekvizitai-box\">\r\n    <p>Props:<br>\r\n    V\u0160\u012e \u0161oki\u0173 studija \u201eFLOW<br>\r\n    \u012e.k. 306720958<br>\r\n    LT467300010185541313<br>Paying for: dancer first and last name, subscription name, under 18 or 18+<br>\r\n<\/div>\r\n\r\n\r\n\r\n\r\n\r\n<style>\r\n\r\n    .star-box img {\r\n        margin-bottom: 16px;\r\n    }\r\n\r\n    .star-box h3 {\r\n        color: #B8B8B8 !important;\r\n    }\r\n    \r\n    .star-box-main {\r\n       display: flex;\r\n    }\r\n    \r\n    .rekvizitai-box {\r\n      color: #B8B8B8 !important;\r\n    }\r\n    \r\n    .price-box3 {\r\n        display: flex;\r\n    }\r\n    \r\n    .first-star-box .elementor-widget-wrap {\r\n        align-content: flex-start !important;\r\n    }\r\n    \r\n    \/*.elementor-element-dea25e6 .elementor-widget-wrap {*\/\r\n    \/*    align-content: space-between;*\/\r\n    \/*}*\/\r\n    \r\n    .2stars {\r\n       display: none important'\r\n    }\r\n    \r\n    \r\n    \r\n<\/style>\r\n\r\n\r\n\r\n\r\n\r\n\t\t\t\t<\/div>\n\t\t\t\t<\/div>\n\t\t\t\t\t<\/div>\n\t\t<\/div>\n\t\t\t\t<div class=\"elementor-column elementor-col-50 elementor-inner-column elementor-element elementor-element-8aa2c5f\" data-id=\"8aa2c5f\" data-element_type=\"column\" data-e-type=\"column\">\n\t\t\t<div class=\"elementor-widget-wrap elementor-element-populated\">\n\t\t\t\t\t\t<div class=\"elementor-element elementor-element-1406264 elementor-widget elementor-widget-html\" data-id=\"1406264\" data-element_type=\"widget\" data-e-type=\"widget\" data-widget_type=\"html.default\">\n\t\t\t\t<div class=\"elementor-widget-container\">\n\t\t\t\t\t\r\n<div class=\"rekvizitai-box\">\r\n    <p>\r\n    Mokama u\u017e einam\u0105j\u012f m\u0117nes\u012f, iki 10d.<br>Vieno stiliaus treniruot\u0117s vyksta 2 kartus per savait\u0119, dviej\u0173 stili\u0173 - 4 kartus per savait\u0119, pusinio abonemento - 1 kart\u0105 per savait\u0119 ir t.t..<br>\r\n  \r\n    <\/p>\r\n<\/div>\r\n\r\n\r\n\r\n\r\n\r\n\r\n\t\t\t\t<\/div>\n\t\t\t\t<\/div>\n\t\t\t\t\t<\/div>\n\t\t<\/div>\n\t\t\t\t\t<\/div>\n\t\t<\/section>\n\t\t\t\t<section class=\"elementor-section elementor-inner-section elementor-element elementor-element-ce727ea elementor-section-boxed elementor-section-height-default elementor-section-height-default\" data-id=\"ce727ea\" data-element_type=\"section\" data-e-type=\"section\">\n\t\t\t\t\t\t<div class=\"elementor-container elementor-column-gap-default\">\n\t\t\t\t\t<div class=\"elementor-column elementor-col-100 elementor-inner-column elementor-element elementor-element-4d6f252\" data-id=\"4d6f252\" data-element_type=\"column\" data-e-type=\"column\">\n\t\t\t<div class=\"elementor-widget-wrap elementor-element-populated\">\n\t\t\t\t\t\t<div class=\"elementor-element elementor-element-d5f138a elementor-widget elementor-widget-html\" data-id=\"d5f138a\" data-element_type=\"widget\" data-e-type=\"widget\" data-widget_type=\"html.default\">\n\t\t\t\t<div class=\"elementor-widget-container\">\n\t\t\t\t\t\r\n<div class=\"rekvizitai-box\">\r\n    <p>\r\n   *b\u016btina mok\u0117jimo paskirtyje pa\u017eym\u0117ti ar mokama u\u017e \u0161ok\u0117j\u0105, kuriam dar n\u0117ra 18 ar u\u017e pilnamet\u012f\r\n    <\/p>\r\n<\/div>\r\n\r\n\r\n\r\n\t\t\t\t<\/div>\n\t\t\t\t<\/div>\n\t\t\t\t\t<\/div>\n\t\t<\/div>\n\t\t\t\t\t<\/div>\n\t\t<\/section>\n\t\t\t\t\t<\/div>\n\t\t<\/div>\n\t\t\t\t\t<\/div>\n\t\t<\/section>\n\t\t\t\t\t<\/div>\n\t\t<\/div>\n\t\t\t\t\t<\/div>\n\t\t<\/section>\n\t\t\t\t<\/div>","protected":false},"excerpt":{"rendered":"<p>Kainos 15 eur Vienkartinis apsilankymas 45 eur\/m\u0117n. Pusinis vieno stiliaus abonementas 75 eur\/m\u0117n. Vieno stiliaus abonementas 110eur\/m\u0117n. Dviej\u0173 stili\u0173 abonementas [&hellip;]<\/p>\n","protected":false},"author":1,"featured_media":2873,"parent":0,"menu_order":0,"comment_status":"closed","ping_status":"closed","template":"","meta":{"site-sidebar-layout":"no-sidebar","site-content-layout":"","ast-site-content-layout":"full-width-container","site-content-style":"default","site-sidebar-style":"default","ast-global-header-display":"","ast-banner-title-visibility":"","ast-main-header-display":"","ast-hfb-above-header-display":"","ast-hfb-below-header-display":"","ast-hfb-mobile-header-display":"","site-post-title":"disabled","ast-breadcrumbs-content":"","ast-featured-img":"disabled","footer-sml-layout":"","ast-disable-related-posts":"","theme-transparent-header-meta":"","adv-header-id-meta":"","stick-header-meta":"","header-above-stick-meta":"","header-main-stick-meta":"","header-below-stick-meta":"","astra-migrate-meta-layouts":"default","ast-page-background-enabled":"default","ast-page-background-meta":{"desktop":{"background-color":"var(--ast-global-color-4)","background-image":"","background-repeat":"repeat","background-position":"center center","background-size":"auto","background-attachment":"scroll","background-type":"","background-media":"","overlay-type":"","overlay-color":"","overlay-opacity":"","overlay-gradient":""},"tablet":{"background-color":"","background-image":"","background-repeat":"repeat","background-position":"center center","background-size":"auto","background-attachment":"scroll","background-type":"","background-media":"","overlay-type":"","overlay-color":"","overlay-opacity":"","overlay-gradient":""},"mobile":{"background-color":"","background-image":"","background-repeat":"repeat","background-position":"center center","background-size":"auto","background-attachment":"scroll","background-type":"","background-media":"","overlay-type":"","overlay-color":"","overlay-opacity":"","overlay-gradient":""}},"ast-content-background-meta":{"desktop":{"background-color":"var(--ast-global-color-5)","background-image":"","background-repeat":"repeat","background-position":"center center","background-size":"auto","background-attachment":"scroll","background-type":"","background-media":"","overlay-type":"","overlay-color":"","overlay-opacity":"","overlay-gradient":""},"tablet":{"background-color":"var(--ast-global-color-5)","background-image":"","background-repeat":"repeat","background-position":"center center","background-size":"auto","background-attachment":"scroll","background-type":"","background-media":"","overlay-type":"","overlay-color":"","overlay-opacity":"","overlay-gradient":""},"mobile":{"background-color":"var(--ast-global-color-5)","background-image":"","background-repeat":"repeat","background-position":"center center","background-size":"auto","background-attachment":"scroll","background-type":"","background-media":"","overlay-type":"","overlay-color":"","overlay-opacity":"","overlay-gradient":""}},"footnotes":""},"class_list":["post-1968","page","type-page","status-publish","has-post-thumbnail","hentry"],"_links":{"self":[{"href":"https:\/\/flowstudio.lt\/en\/wp-json\/wp\/v2\/pages\/1968","targetHints":{"allow":["GET"]}}],"collection":[{"href":"https:\/\/flowstudio.lt\/en\/wp-json\/wp\/v2\/pages"}],"about":[{"href":"https:\/\/flowstudio.lt\/en\/wp-json\/wp\/v2\/types\/page"}],"author":[{"embeddable":true,"href":"https:\/\/flowstudio.lt\/en\/wp-json\/wp\/v2\/users\/1"}],"replies":[{"embeddable":true,"href":"https:\/\/flowstudio.lt\/en\/wp-json\/wp\/v2\/comments?post=1968"}],"version-history":[{"count":34,"href":"https:\/\/flowstudio.lt\/en\/wp-json\/wp\/v2\/pages\/1968\/revisions"}],"predecessor-version":[{"id":3533,"href":"https:\/\/flowstudio.lt\/en\/wp-json\/wp\/v2\/pages\/1968\/revisions\/3533"}],"wp:featuredmedia":[{"embeddable":true,"href":"https:\/\/flowstudio.lt\/en\/wp-json\/wp\/v2\/media\/2873"}],"wp:attachment":[{"href":"https:\/\/flowstudio.lt\/en\/wp-json\/wp\/v2\/media?parent=1968"}],"curies":[{"name":"wp","href":"https:\/\/api.w.org\/{rel}","templated":true}]}}