{"id":1040,"date":"2024-04-11T13:05:34","date_gmt":"2024-04-11T13:05:34","guid":{"rendered":"https:\/\/flowstudio.lt\/?page_id=1040"},"modified":"2024-07-08T13:55:15","modified_gmt":"2024-07-08T10:55:15","slug":"patalpu-nuoma","status":"publish","type":"page","link":"https:\/\/flowstudio.lt\/en\/patalpu-nuoma\/","title":{"rendered":"Hall rent"},"content":{"rendered":"<div data-elementor-type=\"wp-page\" data-elementor-id=\"1040\" class=\"elementor elementor-1040\">\n\t\t\t\t\t\t<section class=\"elementor-section elementor-top-section elementor-element elementor-element-c499f42 elementor-section-full_width elementor-section-height-default elementor-section-height-default\" data-id=\"c499f42\" data-element_type=\"section\" data-e-type=\"section\">\n\t\t\t\t\t\t<div class=\"elementor-container elementor-column-gap-default\">\n\t\t\t\t\t<div class=\"elementor-column elementor-col-100 elementor-top-column elementor-element elementor-element-45e46f1\" data-id=\"45e46f1\" data-element_type=\"column\" data-e-type=\"column\">\n\t\t\t<div class=\"elementor-widget-wrap elementor-element-populated\">\n\t\t\t\t\t\t<div class=\"elementor-element elementor-element-f34900e elementor-widget elementor-widget-html\" data-id=\"f34900e\" data-element_type=\"widget\" data-e-type=\"widget\" data-widget_type=\"html.default\">\n\t\t\t\t<div class=\"elementor-widget-container\">\n\t\t\t\t\t<h2 class=\"main\"><span class=\"dot\"><\/span>Hall rent<\/h2>\n\n\n\t\t\t\t<\/div>\n\t\t\t\t<\/div>\n\t\t\t\t\t<\/div>\n\t\t<\/div>\n\t\t\t\t\t<\/div>\n\t\t<\/section>\n\t\t\t\t<section class=\"elementor-section elementor-top-section elementor-element elementor-element-c7310d3 elementor-section-boxed elementor-section-height-default elementor-section-height-default\" data-id=\"c7310d3\" data-element_type=\"section\" data-e-type=\"section\">\n\t\t\t\t\t\t<div class=\"elementor-container elementor-column-gap-default\">\n\t\t\t\t\t<div class=\"elementor-column elementor-col-50 elementor-top-column elementor-element elementor-element-5cec4d8\" data-id=\"5cec4d8\" data-element_type=\"column\" data-e-type=\"column\">\n\t\t\t<div class=\"elementor-widget-wrap elementor-element-populated\">\n\t\t\t\t\t\t<div class=\"elementor-element elementor-element-ed9832e elementor-widget elementor-widget-html\" data-id=\"ed9832e\" data-element_type=\"widget\" data-e-type=\"widget\" data-widget_type=\"html.default\">\n\t\t\t\t<div class=\"elementor-widget-container\">\n\t\t\t\t\t<div class=\"gallery\">\n    <button class=\"secondary\">Maxi flow<\/button>\n\n    <div class=\"gallery-container\">\n      <div class=\"big-image\">\n        <img decoding=\"async\" id=\"bigImg\" src=\"\/wp-content\/uploads\/max-flow.jpg\" alt=\"Big Image\">\n      <\/div>\n      <!--<div class=\"small-images\">-->\n      <!--  <img decoding=\"async\" src=\"\/wp-content\/uploads\/sokiu-stiliai3.jpg\" onclick=\"changeBigImage('\/wp-content\/uploads\/sokiu-stiliai3.jpg')\" alt=\"Small Image 1\">-->\n      <!--  <img decoding=\"async\" src=\"\/wp-content\/uploads\/Sale1.jpg\" onclick=\"changeBigImage('\/wp-content\/uploads\/Sale1.jpg')\" alt=\"Small Image 2\">-->\n      <!--  <img decoding=\"async\" src=\"\/wp-content\/uploads\/sokiu-stiliai3.jpg\" onclick=\"changeBigImage('\/wp-content\/uploads\/sokiu-stiliai3.jpg')\" alt=\"Small Image 3\">-->\n      <!--<\/div>-->\n    <\/div>\n<\/div>\n\n\t\t\t\t<\/div>\n\t\t\t\t<\/div>\n\t\t\t\t\t<\/div>\n\t\t<\/div>\n\t\t\t\t<div class=\"elementor-column elementor-col-50 elementor-top-column elementor-element elementor-element-9ff2cc5\" data-id=\"9ff2cc5\" data-element_type=\"column\" data-e-type=\"column\">\n\t\t\t<div class=\"elementor-widget-wrap elementor-element-populated\">\n\t\t\t\t\t\t<div class=\"elementor-element elementor-element-0ed962f elementor-widget elementor-widget-html\" data-id=\"0ed962f\" data-element_type=\"widget\" data-e-type=\"widget\" data-widget_type=\"html.default\">\n\t\t\t\t<div class=\"elementor-widget-container\">\n\t\t\t\t\t<div class=\"patalpos\">\n<h3>140 sq\/m<\/h3>\n<p>Large and bright hall of 140 m2 with mirrors, windows, sound equipment. Modern concrete wall decor. Suitable for group training, conferences, seminars, small events. Accommodates ~50 people. Short-term rental price: 50 EUR\/hour. For short-term rental reservations and long-term rental prices and conditions, please contact us.<\/p>\n<button class=\"primary\" onclick=\"location.href='\/kontaktai';\">Contact<\/button>\n<\/div>\n<style>\n   .patalpos h3 {\n        font-size: 40px !important;\n    }\n    \n   .patalpos p {\n        font-size: 16px !important;\n        font-weight: 300;\n    }\n<\/style>\t\t\t\t<\/div>\n\t\t\t\t<\/div>\n\t\t\t\t\t<\/div>\n\t\t<\/div>\n\t\t\t\t\t<\/div>\n\t\t<\/section>\n\t\t\t\t<section class=\"elementor-section elementor-top-section elementor-element elementor-element-e6ea498 elementor-section-boxed elementor-section-height-default elementor-section-height-default\" data-id=\"e6ea498\" data-element_type=\"section\" data-e-type=\"section\">\n\t\t\t\t\t\t<div class=\"elementor-container elementor-column-gap-default\">\n\t\t\t\t\t<div class=\"elementor-column elementor-col-50 elementor-top-column elementor-element elementor-element-22f1d2b\" data-id=\"22f1d2b\" data-element_type=\"column\" data-e-type=\"column\">\n\t\t\t<div class=\"elementor-widget-wrap elementor-element-populated\">\n\t\t\t\t\t\t<div class=\"elementor-element elementor-element-a306e0c elementor-widget elementor-widget-html\" data-id=\"a306e0c\" data-element_type=\"widget\" data-e-type=\"widget\" data-widget_type=\"html.default\">\n\t\t\t\t<div class=\"elementor-widget-container\">\n\t\t\t\t\t<div class=\"gallery\">\n    <button class=\"secondary\">Midi flow<\/button>\n\n    <div class=\"gallery-container\">\n      <div class=\"big-image\">\n        <img decoding=\"async\" id=\"bigImg\" src=\"\/wp-content\/uploads\/mid-flow.jpg\" alt=\"Big Image\">\n      <\/div>\n      <!--<div class=\"small-images\">-->\n      <!--  <img decoding=\"async\" src=\"\/wp-content\/uploads\/sokiu-stiliai3.jpg\" onclick=\"changeBigImage('\/wp-content\/uploads\/sokiu-stiliai3.jpg')\" alt=\"Small Image 1\">-->\n      <!--  <img decoding=\"async\" src=\"\/wp-content\/uploads\/Sale1.jpg\" onclick=\"changeBigImage('\/wp-content\/uploads\/Sale1.jpg')\" alt=\"Small Image 2\">-->\n      <!--  <img decoding=\"async\" src=\"\/wp-content\/uploads\/sokiu-stiliai3.jpg\" onclick=\"changeBigImage('\/wp-content\/uploads\/sokiu-stiliai3.jpg')\" alt=\"Small Image 3\">-->\n      <!--<\/div>-->\n    <\/div>\n<\/div>\n\n\t\t\t\t<\/div>\n\t\t\t\t<\/div>\n\t\t\t\t\t<\/div>\n\t\t<\/div>\n\t\t\t\t<div class=\"elementor-column elementor-col-50 elementor-top-column elementor-element elementor-element-be085a7\" data-id=\"be085a7\" data-element_type=\"column\" data-e-type=\"column\">\n\t\t\t<div class=\"elementor-widget-wrap elementor-element-populated\">\n\t\t\t\t\t\t<div class=\"elementor-element elementor-element-05fa883 elementor-widget elementor-widget-html\" data-id=\"05fa883\" data-element_type=\"widget\" data-e-type=\"widget\" data-widget_type=\"html.default\">\n\t\t\t\t<div class=\"elementor-widget-container\">\n\t\t\t\t\t<div class=\"patalpos\">\n<h3>110 sq\/m<\/h3>\n<p>Spacious hall of 110 m2 with mirrors, windows, sound equipment. Exclusive decor of one dark and one printed wall. Suitable for group training, conferences, seminars, small events. Accommodates ~40 people. Short-term rental price: 45 EUR\/hour. For short-term rental reservations and long-term rental prices and conditions, please contact us.<\/p>\n<button class=\"primary\" onclick=\"location.href='\/kontaktai';\">Contact<\/button>\n<\/div>\n\t\t\t\t<\/div>\n\t\t\t\t<\/div>\n\t\t\t\t\t<\/div>\n\t\t<\/div>\n\t\t\t\t\t<\/div>\n\t\t<\/section>\n\t\t\t\t<section class=\"elementor-section elementor-top-section elementor-element elementor-element-ea69145 elementor-section-boxed elementor-section-height-default elementor-section-height-default\" data-id=\"ea69145\" data-element_type=\"section\" data-e-type=\"section\">\n\t\t\t\t\t\t<div class=\"elementor-container elementor-column-gap-default\">\n\t\t\t\t\t<div class=\"elementor-column elementor-col-50 elementor-top-column elementor-element elementor-element-9463d51\" data-id=\"9463d51\" data-element_type=\"column\" data-e-type=\"column\">\n\t\t\t<div class=\"elementor-widget-wrap elementor-element-populated\">\n\t\t\t\t\t\t<div class=\"elementor-element elementor-element-793ed74 elementor-widget elementor-widget-html\" data-id=\"793ed74\" data-element_type=\"widget\" data-e-type=\"widget\" data-widget_type=\"html.default\">\n\t\t\t\t<div class=\"elementor-widget-container\">\n\t\t\t\t\t<div class=\"gallery\">\n    <button class=\"secondary\">Mini flow<\/button>\n\n    <div class=\"gallery-container\">\n      <div class=\"big-image\">\n        <img decoding=\"async\" id=\"bigImg\" src=\"\/wp-content\/uploads\/mini-flow.jpg\" alt=\"Big Image\">\n      <\/div>\n      <!--<div class=\"small-images\">-->\n      <!--  <img decoding=\"async\" src=\"\/wp-content\/uploads\/sokiu-stiliai3.jpg\" onclick=\"changeBigImage('\/wp-content\/uploads\/sokiu-stiliai3.jpg')\" alt=\"Small Image 1\">-->\n      <!--  <img decoding=\"async\" src=\"\/wp-content\/uploads\/Sale1.jpg\" onclick=\"changeBigImage('\/wp-content\/uploads\/Sale1.jpg')\" alt=\"Small Image 2\">-->\n      <!--  <img decoding=\"async\" src=\"\/wp-content\/uploads\/sokiu-stiliai3.jpg\" onclick=\"changeBigImage('\/wp-content\/uploads\/sokiu-stiliai3.jpg')\" alt=\"Small Image 3\">-->\n      <!--<\/div>-->\n    <\/div>\n<\/div>\n\n<style>\n\n.gallery button {\n    margin-bottom: 32px;\n}\n    \n\/*.gallery-container {*\/\n\/*  display: flex;*\/\n\/*  flex-direction: column;*\/\n\/*  align-items: center;*\/\n\/*}*\/\n\n.big-image img {\n    border-radius: 20px;\n  width: 400px;\n  height: 250px !important;\n  height: auto;\n  margin-bottom: 20px;\n}\n\n.small-images img {\n    border-radius: 10px;\n  width: 120px;\n  height: 80px !important;\n  height: auto;\n  cursor: pointer;\n  margin-right: 10px;\n}\n\n<\/style>\n\n\n<script>\n    \nfunction changeBigImage(imageSrc) {\n  document.getElementById('bigImg').src = imageSrc;\n}\n\n<\/script>\t\t\t\t<\/div>\n\t\t\t\t<\/div>\n\t\t\t\t\t<\/div>\n\t\t<\/div>\n\t\t\t\t<div class=\"elementor-column elementor-col-50 elementor-top-column elementor-element elementor-element-9d4a290\" data-id=\"9d4a290\" data-element_type=\"column\" data-e-type=\"column\">\n\t\t\t<div class=\"elementor-widget-wrap elementor-element-populated\">\n\t\t\t\t\t\t<div class=\"elementor-element elementor-element-e5ddfab elementor-widget elementor-widget-html\" data-id=\"e5ddfab\" data-element_type=\"widget\" data-e-type=\"widget\" data-widget_type=\"html.default\">\n\t\t\t\t<div class=\"elementor-widget-container\">\n\t\t\t\t\t<div class=\"patalpos\">\n<h3>40 sq\/m<\/h3>\n<p>A cozy 40m2 hall with mirrors, windows, sound equipment. Authentic, aged wall decor. Ideal for private or small group training. Accommodates ~15 people. Short-term rental price: 30 EUR\/hour. For short-term rental reservations and long-term rental prices and conditions, please contact us.<\/p>\n<button class=\"primary\" onclick=\"location.href='\/kontaktai';\">Contact<\/button>\n<\/div>\n\t\t\t\t<\/div>\n\t\t\t\t<\/div>\n\t\t\t\t\t<\/div>\n\t\t<\/div>\n\t\t\t\t\t<\/div>\n\t\t<\/section>\n\t\t\t\t<\/div>","protected":false},"excerpt":{"rendered":"<p>Patalp\u0173 nuoma Maxi flow 140 kv\/m Didel\u0117 ir \u0161viesi 140 m2 sal\u0117 su veidrod\u017eiais, langais, garso aparat\u016bra. Modernus betonin\u0117s sienos [&hellip;]<\/p>\n","protected":false},"author":1,"featured_media":2873,"parent":0,"menu_order":0,"comment_status":"closed","ping_status":"closed","template":"","meta":{"site-sidebar-layout":"no-sidebar","site-content-layout":"","ast-site-content-layout":"full-width-container","site-content-style":"default","site-sidebar-style":"default","ast-global-header-display":"","ast-banner-title-visibility":"","ast-main-header-display":"","ast-hfb-above-header-display":"","ast-hfb-below-header-display":"","ast-hfb-mobile-header-display":"","site-post-title":"disabled","ast-breadcrumbs-content":"","ast-featured-img":"disabled","footer-sml-layout":"","ast-disable-related-posts":"","theme-transparent-header-meta":"","adv-header-id-meta":"","stick-header-meta":"","header-above-stick-meta":"","header-main-stick-meta":"","header-below-stick-meta":"","astra-migrate-meta-layouts":"default","ast-page-background-enabled":"default","ast-page-background-meta":{"desktop":{"background-color":"var(--ast-global-color-4)","background-image":"","background-repeat":"repeat","background-position":"center center","background-size":"auto","background-attachment":"scroll","background-type":"","background-media":"","overlay-type":"","overlay-color":"","overlay-opacity":"","overlay-gradient":""},"tablet":{"background-color":"","background-image":"","background-repeat":"repeat","background-position":"center center","background-size":"auto","background-attachment":"scroll","background-type":"","background-media":"","overlay-type":"","overlay-color":"","overlay-opacity":"","overlay-gradient":""},"mobile":{"background-color":"","background-image":"","background-repeat":"repeat","background-position":"center center","background-size":"auto","background-attachment":"scroll","background-type":"","background-media":"","overlay-type":"","overlay-color":"","overlay-opacity":"","overlay-gradient":""}},"ast-content-background-meta":{"desktop":{"background-color":"var(--ast-global-color-5)","background-image":"","background-repeat":"repeat","background-position":"center center","background-size":"auto","background-attachment":"scroll","background-type":"","background-media":"","overlay-type":"","overlay-color":"","overlay-opacity":"","overlay-gradient":""},"tablet":{"background-color":"var(--ast-global-color-5)","background-image":"","background-repeat":"repeat","background-position":"center center","background-size":"auto","background-attachment":"scroll","background-type":"","background-media":"","overlay-type":"","overlay-color":"","overlay-opacity":"","overlay-gradient":""},"mobile":{"background-color":"var(--ast-global-color-5)","background-image":"","background-repeat":"repeat","background-position":"center center","background-size":"auto","background-attachment":"scroll","background-type":"","background-media":"","overlay-type":"","overlay-color":"","overlay-opacity":"","overlay-gradient":""}},"footnotes":""},"class_list":["post-1040","page","type-page","status-publish","has-post-thumbnail","hentry"],"_links":{"self":[{"href":"https:\/\/flowstudio.lt\/en\/wp-json\/wp\/v2\/pages\/1040","targetHints":{"allow":["GET"]}}],"collection":[{"href":"https:\/\/flowstudio.lt\/en\/wp-json\/wp\/v2\/pages"}],"about":[{"href":"https:\/\/flowstudio.lt\/en\/wp-json\/wp\/v2\/types\/page"}],"author":[{"embeddable":true,"href":"https:\/\/flowstudio.lt\/en\/wp-json\/wp\/v2\/users\/1"}],"replies":[{"embeddable":true,"href":"https:\/\/flowstudio.lt\/en\/wp-json\/wp\/v2\/comments?post=1040"}],"version-history":[{"count":61,"href":"https:\/\/flowstudio.lt\/en\/wp-json\/wp\/v2\/pages\/1040\/revisions"}],"predecessor-version":[{"id":3026,"href":"https:\/\/flowstudio.lt\/en\/wp-json\/wp\/v2\/pages\/1040\/revisions\/3026"}],"wp:featuredmedia":[{"embeddable":true,"href":"https:\/\/flowstudio.lt\/en\/wp-json\/wp\/v2\/media\/2873"}],"wp:attachment":[{"href":"https:\/\/flowstudio.lt\/en\/wp-json\/wp\/v2\/media?parent=1040"}],"curies":[{"name":"wp","href":"https:\/\/api.w.org\/{rel}","templated":true}]}}